{"id":7047,"date":"2022-10-31T21:32:20","date_gmt":"2022-10-31T20:32:20","guid":{"rendered":"https:\/\/www.xikka.net\/?page_id=7047"},"modified":"2023-07-31T20:14:22","modified_gmt":"2023-07-31T18:14:22","slug":"accueil","status":"publish","type":"page","link":"https:\/\/www.xikka.net\/","title":{"rendered":"Accueil"},"content":{"rendered":"<p>[vc_row][vc_column][rev_slider_vc alias=&#8221;main_slider&#8221;][\/vc_column][\/vc_row][vc_row full_width=&#8221;stretch_row&#8221; el_class=&#8221;third_bg_color&#8221;][vc_column][vc_cta h2=&#8221;Porte-monnaie \u00e9lectronique, paiement et transfert d&#8217;argent&#8221; h2_font_container=&#8221;tag:h2|font_size:24px|text_align:left|color:%23ffffff|line_height:28px&#8221; h2_use_theme_fonts=&#8221;yes&#8221; shape=&#8221;square&#8221; style=&#8221;flat&#8221; color=&#8221;white&#8221; use_custom_fonts_h2=&#8221;true&#8221; el_class=&#8221;third_bg_color&#8221; css=&#8221;.vc_custom_1668343624814{padding-top: 48px !important;padding-bottom: 50px !important;}&#8221;][\/vc_cta][vc_empty_space][\/vc_column][\/vc_row][vc_row][vc_column css=&#8221;.vc_custom_1533972431977{margin-top: -59px !important;}&#8221;][stm_spacing lg_spacing=&#8221;0&#8243; md_spacing=&#8221;0&#8243; sm_spacing=&#8221;0&#8243; xs_spacing=&#8221;130&#8243;][stm_animation_block animation=&#8221;fadeInUp&#8221; animation_duration=&#8221;1&#8243; animation_delay=&#8221;0&#8243;][vc_tta_tabs style=&#8221;flat&#8221; color=&#8221;white&#8221; active_section=&#8221;1&#8243; el_class=&#8221;theme_style&#8221;][vc_tta_section title=&#8221;Compte Xikka&#8221; tab_id=&#8221;1533965894732-c4128320-8818&#8243;][stm_spacing lg_spacing=&#8221;80&#8243; md_spacing=&#8221;80&#8243; sm_spacing=&#8221;70&#8243; xs_spacing=&#8221;30&#8243;][vc_row_inner][vc_column_inner offset=&#8221;vc_col-lg-6 vc_col-md-6&#8243;][vc_single_image image=&#8221;7516&#8243; img_size=&#8221;full&#8221; alignment=&#8221;center&#8221; onclick=&#8221;link_image&#8221;][stm_spacing lg_spacing=&#8221;0&#8243; md_spacing=&#8221;0&#8243; sm_spacing=&#8221;30&#8243; xs_spacing=&#8221;20&#8243;][\/vc_column_inner][vc_column_inner offset=&#8221;vc_col-lg-6 vc_col-md-6&#8243;][vc_custom_heading stripe_pos=&#8221;hide&#8221; text=&#8221;Ouvrez votre compte en 2 minutes !&#8221; font_container=&#8221;tag:h5|text_align:left|color:%230a0a0a&#8221; use_theme_fonts=&#8221;yes&#8221; css=&#8221;.vc_custom_1690827067222{margin-top: -16px !important;margin-bottom: -6px !important;}&#8221;][vc_column_text]Le compte Xikka est disponible pour toute personne majeure. Le compte est ouvert gratuitement et il n&#8217;y a pas de frais de tenue de compte.<\/p>\n<p>Avec votre compte Xikka, faites vos transactions en toute discr\u00e9tion de chez vous ou en agence \u00e0 tout moment avec l\u2019application Xikka ou directement sur ce site \u00e0 partir du bouton <a style=\"color: #ec6707;\" href=\"#\">Connexion Client<\/a>.<\/p>\n<p>Vous pouvez associer un message ou un descriptif \u00e0 vos transactions et obtenir le relev\u00e9 de compte.<\/p>\n<p>Informations minimales requises pour l&#8217;ouverture de compte:<\/p>\n<ul>\n<li>nom et pr\u00e9noms<\/li>\n<li>num\u00e9ro de t\u00e9l\u00e9phone mobile<\/li>\n<li>adresse<\/li>\n<\/ul>\n<p>[\/vc_column_text][\/vc_column_inner][\/vc_row_inner][\/vc_tta_section][vc_tta_section title=&#8221;Carte Visa&#8221; tab_id=&#8221;1533980458089-42ef6a31-349e&#8221;][stm_spacing lg_spacing=&#8221;80&#8243; md_spacing=&#8221;80&#8243; sm_spacing=&#8221;70&#8243; xs_spacing=&#8221;30&#8243;][vc_row_inner][vc_column_inner offset=&#8221;vc_col-lg-6 vc_col-md-6&#8243;][vc_single_image image=&#8221;7518&#8243; img_size=&#8221;530&#215;432&#8243; alignment=&#8221;center&#8221; onclick=&#8221;link_image&#8221;][stm_spacing lg_spacing=&#8221;0&#8243; md_spacing=&#8221;0&#8243; sm_spacing=&#8221;30&#8243; xs_spacing=&#8221;20&#8243;][\/vc_column_inner][vc_column_inner offset=&#8221;vc_col-lg-6 vc_col-md-6&#8243;][vc_custom_heading stripe_pos=&#8221;hide&#8221; text=&#8221;Carte Visa Pr\u00e9pay\u00e9e en 5 minutes&#8221; font_container=&#8221;tag:h5|text_align:left|color:%230a0a0a&#8221; use_theme_fonts=&#8221;yes&#8221; css=&#8221;.vc_custom_1690827173662{margin-top: -16px !important;margin-bottom: -6px !important;}&#8221; subtitle_color=&#8221;#0a0a0a&#8221;][vc_column_text]<\/p>\n<p style=\"font-size: 14px; line-height: 24px; color: #707070;\">Xikka Vox vous donne l&#8217;opportunit\u00e9 d&#8217;utiliser votre compte Xikka partout dans le monde. En effet, il vous suffit de faire le transfert de fonds de votre compte vers la carte pour ex\u00e9cuter des transactions dans le r\u00e9seau mondial de Visa.<\/p>\n<ul>\n<li style=\"font-size: 14px; line-height: 24px; color: #707070;\">La carte Xikka Vox est pr\u00e9pay\u00e9e, c&#8217;est \u00e0 dire qu&#8217;elle fonctionne d\u00e8s qu&#8217;elle est configur\u00e9e.<\/li>\n<li style=\"font-size: 14px; line-height: 24px; color: #707070;\">Faites des achats sur Internet, dans les magasins et boutiques et retirer dans les guichets automatiques qui acceptent Visa.<\/li>\n<li style=\"font-size: 14px; line-height: 24px; color: #707070;\">B\u00e9n\u00e9ficiez d&#8217;une assistance de qualit\u00e9 de l&#8217;\u00e9quipe Xikka et de UBA.<\/li>\n<\/ul>\n<p>[\/vc_column_text][\/vc_column_inner][\/vc_row_inner][\/vc_tta_section][vc_tta_section title=&#8221;Paiement Digital&#8221; tab_id=&#8221;1533980455422-bba9957d-b87b&#8221;][stm_spacing lg_spacing=&#8221;80&#8243; md_spacing=&#8221;80&#8243; sm_spacing=&#8221;70&#8243; xs_spacing=&#8221;30&#8243;][vc_row_inner][vc_column_inner offset=&#8221;vc_col-lg-6 vc_col-md-6&#8243;][vc_single_image image=&#8221;7618&#8243; img_size=&#8221;full&#8221; alignment=&#8221;center&#8221; onclick=&#8221;link_image&#8221;][stm_spacing lg_spacing=&#8221;0&#8243; md_spacing=&#8221;0&#8243; sm_spacing=&#8221;30&#8243; xs_spacing=&#8221;20&#8243;][\/vc_column_inner][vc_column_inner offset=&#8221;vc_col-lg-6 vc_col-md-6&#8243;][vc_custom_heading stripe_pos=&#8221;hide&#8221; text=&#8221;Paiements sans contact \u00e0 moindre co\u00fbt&#8221; font_container=&#8221;tag:h5|text_align:left|color:%230a0a0a&#8221; use_theme_fonts=&#8221;yes&#8221; css=&#8221;.vc_custom_1690827221277{margin-top: -16px !important;margin-bottom: -6px !important;}&#8221; subtitle_color=&#8221;#0a0a0a&#8221;][vc_column_text]<\/p>\n<p style=\"font-size: 14px; line-height: 24px; color: #707070;\">Le compte Xikka vous permet de faire des paiements sans contact (QR code ou \u00e0 distance) ou dans une agence.<\/p>\n<p style=\"font-size: 14px; line-height: 24px; color: #707070;\">Types de paiement:<\/p>\n<ul>\n<li style=\"font-size: 14px; line-height: 24px; color: #707070;\">paiement marchand (paiement dans les magasins, boutiques, restaurant etc.)<\/li>\n<li style=\"font-size: 14px; line-height: 24px; color: #707070;\">e-commerce (paiement sur Internet)<\/li>\n<li style=\"font-size: 14px; line-height: 24px; color: #707070;\">paiement de factures (\u00e9lectricit\u00e9, eau, \u00e9cole, t\u00e9l\u00e9vision, etc.)<\/li>\n<\/ul>\n<p>[\/vc_column_text][\/vc_column_inner][\/vc_row_inner][\/vc_tta_section][vc_tta_section title=&#8221;Recharge de cr\u00e9dit&#8221; tab_id=&#8221;1668343760920-fbcce9e8-0277&#8243;][stm_spacing lg_spacing=&#8221;80&#8243; md_spacing=&#8221;80&#8243; sm_spacing=&#8221;70&#8243; xs_spacing=&#8221;30&#8243;][vc_row_inner][vc_column_inner width=&#8221;1\/2&#8243;][vc_single_image image=&#8221;7611&#8243; img_size=&#8221;full&#8221;][\/vc_column_inner][vc_column_inner width=&#8221;1\/2&#8243;][vc_custom_heading text=&#8221;D\u00e9p\u00f4ts et rechargements&#8221; font_container=&#8221;tag:h5|text_align:left&#8221; use_theme_fonts=&#8221;yes&#8221; subtitle_color=&#8221;#020202&#8243;][vc_column_text]A partir de votre application, rechargez ou faites des d\u00e9p\u00f4ts sur:<\/p>\n<ul>\n<li>Carte bancaire pr\u00e9pay\u00e9e de UBA C\u00f4te d&#8217;Ivoire<\/li>\n<li>Mobile Money (tout r\u00e9seau)<\/li>\n<li>Cr\u00e9dit d&#8217;appel mobile (tout r\u00e9seau)<\/li>\n<li>Tr\u00e9sor Money (TreMo)<\/li>\n<\/ul>\n<p>[\/vc_column_text][\/vc_column_inner][\/vc_row_inner][\/vc_tta_section][\/vc_tta_tabs][\/stm_animation_block][stm_spacing lg_spacing=&#8221;52&#8243; md_spacing=&#8221;52&#8243; sm_spacing=&#8221;50&#8243; xs_spacing=&#8221;40&#8243;][\/vc_column][\/vc_row][vc_row full_width=&#8221;stretch_row&#8221; css=&#8221;.vc_custom_1667414805892{margin-bottom: -60px !important;background-color: #ec6707 !important;}&#8221; el_class=&#8221;color_white&#8221;][vc_column][stm_spacing lg_spacing=&#8221;56&#8243; md_spacing=&#8221;56&#8243; sm_spacing=&#8221;40&#8243; xs_spacing=&#8221;30&#8243;][vc_row_inner][vc_column_inner width=&#8221;1\/3&#8243;][stm_contacts_widget style=&#8221;style_4&#8243; class=&#8221;color_white&#8221; address=&#8221;Immeuble Aurore, Rez de Chauss\u00e9e, Pr\u00e8s du Lavage Auto INOX<br \/>\nCarrefour ex- Glacier les Oscars, Boulevard Latrille<br \/>\nCocody Angr\u00e9, Abidjan<br \/>\nTel: (225) 2722551040<br \/>\nCOTE D\u2019IVOIRE&#8221;][stm_spacing lg_spacing=&#8221;20&#8243; md_spacing=&#8221;20&#8243; sm_spacing=&#8221;20&#8243; xs_spacing=&#8221;10&#8243;][\/vc_column_inner][vc_column_inner width=&#8221;1\/3&#8243;][vc_gmaps link=&#8221;#E-8_JTNDaWZyYW1lJTIwc3JjJTNEJTIyaHR0cHMlM0ElMkYlMkZ3d3cuZ29vZ2xlLmNvbSUyRm1hcHMlMkZlbWJlZCUzRnBiJTNEJTIxMW0xNCUyMTFtOCUyMTFtMyUyMTFkNDk2LjUxNzg5NTA5NDg2MjA3JTIxMmQtMy45OTQwMjIyJTIxM2Q1LjM5NTE0NiUyMTNtMiUyMTFpMTAyNCUyMTJpNzY4JTIxNGYxMy4xJTIxM20zJTIxMW0yJTIxMXMweGZjMTk0YTQzZWJiZmQ3OSUyNTNBMHhhYjg5MWEyZmRjODlmZDhjJTIxMnpOY0t3TWpNbk5ESXVNU0pPSURQQ3NEVTVKek00TGpNaVZ3JTIxNWUwJTIxM20yJTIxMXNmciUyMTJzc24lMjE0djE2NjgzNTkwMTk1MTklMjE1bTIlMjExc2ZyJTIxMnNzbiUyMiUyMHdpZHRoJTNEJTIyNjAwJTIyJTIwaGVpZ2h0JTNEJTIyMjUwJTIyJTIwc3R5bGUlM0QlMjJib3JkZXIlM0EwJTNCJTIyJTIwYWxsb3dmdWxsc2NyZWVuJTNEJTIyJTIyJTIwbG9hZGluZyUzRCUyMmxhenklMjIlMjByZWZlcnJlcnBvbGljeSUzRCUyMm5vLXJlZmVycmVyLXdoZW4tZG93bmdyYWRlJTIyJTNFJTNDJTJGaWZyYW1lJTNF&#8221;][\/vc_column_inner][vc_column_inner width=&#8221;1\/3&#8243;][vc_single_image image=&#8221;7527&#8243; img_size=&#8221;full&#8221;][vc_gallery images=&#8221;7448,7449&#8243; img_size=&#8221;100X33&#8243; onclick=&#8221;custom_link&#8221; custom_links=&#8221;#E-8_aHR0cHMlM0ElMkYlMkZhcHBzLmFwcGxlLmNvbSUyRnVzJTJGYXBwJTJGeGlra2ElMkZpZDE2NDM2ODk5MzglMkNodHRwcyUzQSUyRiUyRnBsYXkuZ29vZ2xlLmNvbSUyRnN0b3JlJTJGYXBwcyUyRmRldGFpbHMlM0ZpZCUzRHhpa2thX2NsaWVudC5tYXdhLmNvbSUyNnBsaSUzRDE=&#8221;][\/vc_column_inner][\/vc_row_inner][stm_spacing lg_spacing=&#8221;80&#8243; md_spacing=&#8221;80&#8243; sm_spacing=&#8221;40&#8243; xs_spacing=&#8221;30&#8243;][\/vc_column][\/vc_row]<\/p>\n","protected":false},"excerpt":{"rendered":"<p>[vc_row][vc_column][rev_slider_vc alias=&#8221;main_slider&#8221;][\/vc_column][\/vc_row][vc_row full_width=&#8221;stretch_row&#8221; el_class=&#8221;third_bg_color&#8221;][vc_column][vc_cta h2=&#8221;Porte-monnaie \u00e9lectronique, paiement et transfert d&#8217;argent&#8221; h2_font_container=&#8221;tag:h2|font_size:24px|text_align:left|color:%23ffffff|line_height:28px&#8221; h2_use_theme_fonts=&#8221;yes&#8221; shape=&#8221;square&#8221; style=&#8221;flat&#8221; color=&#8221;white&#8221; use_custom_fonts_h2=&#8221;true&#8221; el_class=&#8221;third_bg_color&#8221; css=&#8221;.vc_custom_1668343624814{padding-top: 48px !important;padding-bottom: 50px !important;}&#8221;][\/vc_cta][vc_empty_space][\/vc_column][\/vc_row][vc_row][vc_column css=&#8221;.vc_custom_1533972431977{margin-top: -59px !important;}&#8221;][stm_spacing lg_spacing=&#8221;0&#8243; md_spacing=&#8221;0&#8243; sm_spacing=&#8221;0&#8243; xs_spacing=&#8221;130&#8243;][stm_animation_block animation=&#8221;fadeInUp&#8221; animation_duration=&#8221;1&#8243; animation_delay=&#8221;0&#8243;][vc_tta_tabs style=&#8221;flat&#8221; color=&#8221;white&#8221; active_section=&#8221;1&#8243; el_class=&#8221;theme_style&#8221;][vc_tta_section title=&#8221;Compte Xikka&#8221; tab_id=&#8221;1533965894732-c4128320-8818&#8243;][stm_spacing lg_spacing=&#8221;80&#8243; md_spacing=&#8221;80&#8243; sm_spacing=&#8221;70&#8243; xs_spacing=&#8221;30&#8243;][vc_row_inner][vc_column_inner offset=&#8221;vc_col-lg-6 vc_col-md-6&#8243;][vc_single_image image=&#8221;7516&#8243; img_size=&#8221;full&#8221; alignment=&#8221;center&#8221; onclick=&#8221;link_image&#8221;][stm_spacing lg_spacing=&#8221;0&#8243; md_spacing=&#8221;0&#8243; sm_spacing=&#8221;30&#8243; xs_spacing=&#8221;20&#8243;][\/vc_column_inner][vc_column_inner offset=&#8221;vc_col-lg-6 vc_col-md-6&#8243;][vc_custom_heading<\/p>\n","protected":false},"author":1,"featured_media":0,"parent":0,"menu_order":0,"comment_status":"closed","ping_status":"closed","template":"","meta":{"_mi_skip_tracking":false,"footnotes":""},"class_list":["post-7047","page","type-page","status-publish","hentry"],"_links":{"self":[{"href":"https:\/\/www.xikka.net\/index.php\/wp-json\/wp\/v2\/pages\/7047","targetHints":{"allow":["GET"]}}],"collection":[{"href":"https:\/\/www.xikka.net\/index.php\/wp-json\/wp\/v2\/pages"}],"about":[{"href":"https:\/\/www.xikka.net\/index.php\/wp-json\/wp\/v2\/types\/page"}],"author":[{"embeddable":true,"href":"https:\/\/www.xikka.net\/index.php\/wp-json\/wp\/v2\/users\/1"}],"replies":[{"embeddable":true,"href":"https:\/\/www.xikka.net\/index.php\/wp-json\/wp\/v2\/comments?post=7047"}],"version-history":[{"count":105,"href":"https:\/\/www.xikka.net\/index.php\/wp-json\/wp\/v2\/pages\/7047\/revisions"}],"predecessor-version":[{"id":7916,"href":"https:\/\/www.xikka.net\/index.php\/wp-json\/wp\/v2\/pages\/7047\/revisions\/7916"}],"wp:attachment":[{"href":"https:\/\/www.xikka.net\/index.php\/wp-json\/wp\/v2\/media?parent=7047"}],"curies":[{"name":"wp","href":"https:\/\/api.w.org\/{rel}","templated":true}]}}