{"id":7052,"date":"2022-10-31T21:59:47","date_gmt":"2022-10-31T20:59:47","guid":{"rendered":"https:\/\/www.xikka.net\/?page_id=7052"},"modified":"2022-11-20T20:56:13","modified_gmt":"2022-11-20T19:56:13","slug":"services","status":"publish","type":"page","link":"https:\/\/www.xikka.net\/index.php\/services\/","title":{"rendered":"Services"},"content":{"rendered":"<p>[vc_row css=&#8221;.vc_custom_1668093687787{margin-bottom: 10px !important;}&#8221;][vc_column offset=&#8221;vc_col-lg-9 vc_col-md-9&#8243;][vc_custom_heading source=&#8221;post_title&#8221; use_theme_fonts=&#8221;yes&#8221; subtitle=&#8221;Un porte-monnaie \u00e9lectronique complet.&#8221; css=&#8221;.vc_custom_1668973028538{margin-bottom: 30px !important;}&#8221;][vc_row_inner css=&#8221;.vc_custom_1453271494452{margin-bottom: 50px !important;}&#8221;][vc_column_inner width=&#8221;1\/2&#8243;][vc_single_image image=&#8221;7643&#8243; img_size=&#8221;395&#215;256&#8243;][stm_spacing lg_spacing=&#8221;0&#8243; md_spacing=&#8221;0&#8243; sm_spacing=&#8221;0&#8243; xs_spacing=&#8221;10&#8243;][\/vc_column_inner][vc_column_inner width=&#8221;1\/2&#8243;][vc_custom_heading text=&#8221;Des services financiers adapt\u00e9s \u00e0 vos besoins.&#8221; font_container=&#8221;tag:h6|text_align:left|line_height:26px&#8221; use_theme_fonts=&#8221;yes&#8221; css=&#8221;.vc_custom_1668971364182{margin-bottom: 18px !important;}&#8221; el_class=&#8221;no_stripe remove_padding&#8221;][vc_column_text]<\/p>\n<ul>\n<li>Disposez gratuitement d\u2019un porte-monnaie \u00e9lectronique avec un relev\u00e9<br \/>\ncomplet de transactions.<\/li>\n<li>B\u00e9n\u00e9ficiez de transactions financi\u00e8res s\u00e9curis\u00e9es, fiables et utilisant les<br \/>\nmeilleures technologies.<\/li>\n<\/ul>\n<p>[\/vc_column_text][\/vc_column_inner][\/vc_row_inner][\/vc_column][vc_column width=&#8221;1\/4&#8243; offset=&#8221;vc_hidden-sm vc_hidden-xs&#8221;][stm_sidebar sidebar=&#8221;619&#8243;][\/vc_column][\/vc_row][vc_row][vc_column][vc_separator color=&#8221;custom&#8221; accent_color=&#8221;#dddddd&#8221; css=&#8221;.vc_custom_1453271595991{margin-bottom: 21px !important;}&#8221;][vc_row_inner css=&#8221;.vc_custom_1667929986527{margin-bottom: 33px !important;}&#8221; el_id=&#8221;23&#8243;][vc_column_inner width=&#8221;1\/2&#8243;][vc_custom_heading text=&#8221;D\u00e9p\u00f4t et retrait sur compte Xikka&#8221; font_container=&#8221;tag:h3|font_size:24px|text_align:left|color:%23222222|line_height:30px&#8221; use_theme_fonts=&#8221;yes&#8221;][vc_column_text]<\/p>\n<ul style=\"font-size: 13px;\">\n<li><strong style=\"font-size: 14px;\">D\u00e9p\u00f4t<\/strong>\n<div>\n<p>Selon le type de compte qui d\u00e9coule des informations fournies \u00e0 la cr\u00e9ation, le solde du compte peut atteindre deux millions (2 000 000) F CFA.<\/p>\n<p>&#8211; d\u00e9p\u00f4t d\u2019esp\u00e8ces dans le r\u00e9seau d\u2019agences partenaires.<\/p>\n<p>&#8211; r\u00e9ception des virements de vos proches instantan\u00e9ment<\/p>\n<\/div>\n<\/li>\n<li><strong style=\"font-size: 14px;\">Retrait<\/strong>\n<div>\n<p>Diff\u00e9rentes possibilit\u00e9s sont offertes pour utiliser les fonds du compte:<\/p>\n<p>&#8211; retrait \u00e0 la caisse,<\/p>\n<p>&#8211; transfert d&#8217;argent<\/p>\n<p>&#8211; r\u00e8glement de biens et services<\/p>\n<\/div>\n<\/li>\n<\/ul>\n<p>[\/vc_column_text][\/vc_column_inner][vc_column_inner width=&#8221;1\/2&#8243; css=&#8221;.vc_custom_1453271259318{padding-top: 18px !important;}&#8221;][vc_single_image image=&#8221;7537&#8243; img_size=&#8221;full&#8221;][\/vc_column_inner][\/vc_row_inner][vc_separator color=&#8221;custom&#8221; accent_color=&#8221;#dddddd&#8221; css=&#8221;.vc_custom_1453271595991{margin-bottom: 21px !important;}&#8221;][vc_row_inner css=&#8221;.vc_custom_1667935833502{margin-bottom: 33px !important;}&#8221; el_id=&#8221;24&#8243;][vc_column_inner width=&#8221;1\/2&#8243; css=&#8221;.vc_custom_1453270747989{padding-right: 45px !important;}&#8221;][vc_custom_heading text=&#8221;Paiement marchand&#8221; font_container=&#8221;tag:h3|font_size:24px|text_align:left|color:%23222222|line_height:30px&#8221; use_theme_fonts=&#8221;yes&#8221;][vc_column_text]Vous avez un commerce physique ou en ligne (site e-commerce), vous<br \/>\npouvez recevoir des paiements de vos clients 24 H\/24 et 7J\/7 lorsque<br \/>\nvous faites une int\u00e9gration de notre module de paiement (API) \u00e0 votre<br \/>\nsite.<\/p>\n<p>Les paiements sont \u00e9galement accept\u00e9s dans le r\u00e9seau d\u2019agences<br \/>\npartenaires.<\/p>\n<ul>\n<li>Les transactions sont faites \u00e0 distance ou en boutique<\/li>\n<li>Il n\u2019est pas n\u00e9cessaire pour le client d\u2019avoir un smartphone<\/li>\n<li>Les transactions sont aussit\u00f4t notifi\u00e9es aux g\u00e9rants du compte et par SMS au client qui effectue la transaction.<\/li>\n<li>Les fonds sont mis \u00e0 la disposition de l\u2019entreprise en 48 heures.<\/li>\n<\/ul>\n<p>[\/vc_column_text][\/vc_column_inner][vc_column_inner width=&#8221;1\/2&#8243; css=&#8221;.vc_custom_1453271259318{padding-top: 18px !important;}&#8221;][vc_single_image image=&#8221;7539&#8243; img_size=&#8221;full&#8221;][\/vc_column_inner][\/vc_row_inner][vc_separator color=&#8221;custom&#8221; accent_color=&#8221;#dddddd&#8221; css=&#8221;.vc_custom_1453271595991{margin-bottom: 21px !important;}&#8221;][vc_row_inner el_id=&#8221;25&#8243;][vc_column_inner width=&#8221;1\/2&#8243; css=&#8221;.vc_custom_1453270747989{padding-right: 45px !important;}&#8221;][vc_custom_heading text=&#8221;Virement bancaire&#8221; font_container=&#8221;tag:h3|font_size:24px|text_align:left|color:%23222222|line_height:30px&#8221; use_theme_fonts=&#8221;yes&#8221;][vc_column_text]Effectuez les virements vers tout compte bancaire de l\u2019UEMOA. Les<br \/>\nfonds sont disponibles sur le compte b\u00e9n\u00e9ficiaire en 48 heures<br \/>\nouvrables.<\/p>\n<ul>\n<li>Le client initie un approvisionnement de compte bancaire (virement) avec son application Xikka ou dans une agence partenaire<\/li>\n<li>Le virement est envoy\u00e9 dans la banque b\u00e9n\u00e9ficiaire \u00e0 travers notre banque partenaire utilisant la plateforme interbancaire SICA UEMOA.<\/li>\n<li>Les d\u00e9lais de traitement chez Xikka sont de 24 heures ouvrables<\/li>\n<\/ul>\n<p>[\/vc_column_text][\/vc_column_inner][vc_column_inner width=&#8221;1\/2&#8243; css=&#8221;.vc_custom_1453271259318{padding-top: 18px !important;}&#8221;][vc_single_image image=&#8221;7536&#8243; img_size=&#8221;full&#8221;][\/vc_column_inner][\/vc_row_inner][vc_separator color=&#8221;custom&#8221; accent_color=&#8221;#dddddd&#8221; css=&#8221;.vc_custom_1453271595991{margin-bottom: 21px !important;}&#8221;][vc_row_inner el_id=&#8221;26&#8243;][vc_column_inner width=&#8221;1\/2&#8243; css=&#8221;.vc_custom_1453270747989{padding-right: 45px !important;}&#8221;][vc_custom_heading text=&#8221;Paiement de facture&#8221; font_container=&#8221;tag:h3|font_size:24px|text_align:left|color:%23222222|line_height:30px&#8221; use_theme_fonts=&#8221;yes&#8221;][vc_column_text]Vous avez un grand parc client\u00e8le, vous pouvez mettre vos factures en<br \/>\nligne afin que chaque client proc\u00e8de \u00e0 son r\u00e8glement. Le client re\u00e7oit<br \/>\nun re\u00e7u et vous recevez le paiement instantan\u00e9ment.<\/p>\n<p>Les factures usuelles sont payables sur Xikka:<\/p>\n<ul>\n<li>Electricit\u00e9<\/li>\n<li>Eau<\/li>\n<li>T\u00e9l\u00e9vision crypt\u00e9e<\/li>\n<\/ul>\n<p>[\/vc_column_text][vc_gallery images=&#8221;7418,7419,7420&#8243; img_size=&#8221;100X48&#8243;][\/vc_column_inner][vc_column_inner width=&#8221;1\/2&#8243; css=&#8221;.vc_custom_1453271259318{padding-top: 18px !important;}&#8221;][vc_single_image image=&#8221;7534&#8243; img_size=&#8221;full&#8221;][\/vc_column_inner][\/vc_row_inner][vc_separator color=&#8221;custom&#8221; accent_color=&#8221;#dddddd&#8221; css=&#8221;.vc_custom_1453271595991{margin-bottom: 21px !important;}&#8221;][vc_row_inner el_id=&#8221;28&#8243;][vc_column_inner width=&#8221;1\/2&#8243; css=&#8221;.vc_custom_1453270747989{padding-right: 45px !important;}&#8221;][vc_custom_heading text=&#8221;Transfert d&#8217;argent&#8221; font_container=&#8221;tag:h3|font_size:24px|text_align:left|color:%23222222|line_height:30px&#8221; use_theme_fonts=&#8221;yes&#8221;][vc_column_text]Le transfert d\u2019argent est instantan\u00e9 et accessible \u00e0 toute personne. Il suffit de connaitre l&#8217;identit\u00e9 et le num\u00e9ro de t\u00e9l\u00e9phone du b\u00e9n\u00e9ficiaire.<\/p>\n<p>Le client titulaire de compte Xikka peut l\u2019initier lui-m\u00eame de son profil; auquel cas, les fonds sont pris de son solde.<\/p>\n<p>Lorsque le client poss\u00e8de des esp\u00e8ces, la transaction est faite en agence. Le b\u00e9n\u00e9ficiaire re\u00e7oit par SMS les codes de retrait associ\u00e9s.<\/p>\n<p>Le retrait est gratuit pour le b\u00e9n\u00e9ficiaire.<\/p>\n<p>Afin de profiter d\u2019une tarification r\u00e9duite, utilisez le transfert diff\u00e9r\u00e9 de 24 heures. Le b\u00e9n\u00e9ficiaire ne pourra r\u00e9cup\u00e9rer ce transfert qu\u2019au moins 24 heures apr\u00e8s son ex\u00e9cution.[\/vc_column_text][\/vc_column_inner][vc_column_inner width=&#8221;1\/2&#8243; css=&#8221;.vc_custom_1453271259318{padding-top: 18px !important;}&#8221;][vc_single_image image=&#8221;7537&#8243; img_size=&#8221;full&#8221;][\/vc_column_inner][\/vc_row_inner][vc_separator color=&#8221;custom&#8221; accent_color=&#8221;#dddddd&#8221; css=&#8221;.vc_custom_1453271595991{margin-bottom: 21px !important;}&#8221;][vc_row_inner el_id=&#8221;29&#8243;][vc_column_inner width=&#8221;1\/2&#8243; css=&#8221;.vc_custom_1453270747989{padding-right: 45px !important;}&#8221;][vc_custom_heading text=&#8221;Carte bancaire&#8221; font_container=&#8221;tag:h3|font_size:24px|text_align:left|color:%23222222|line_height:30px&#8221; use_theme_fonts=&#8221;yes&#8221;][vc_column_text]Xikka Vox est une carte bancaire Visa Classic pr\u00e9pay\u00e9e qui n\u2019est pas associ\u00e9e \u00e0 un compte bancaire.<\/p>\n<p>Elle est \u00e9mise par la banque UBA C\u00f4te d\u2019Ivoire pour Xikka SA. Elle est anonyme (le nom du client n\u2019est pas inscrit sur la carte) ou personnalis\u00e9e (le nom du client est inscrit sur la carte) et destin\u00e9e aux particuliers et aux institutions.<\/p>\n<p>Xikka Vox vous accompagne dans toutes vos transactions sur Internet (paiement de billet d&#8217;avions, achats, promotion de pages,&#8230;) et dans le commerce physique (restaurant, h\u00f4pital, m\u00e9tro, carburant&#8230;) ou les retraits au GAB.<\/p>\n<p>Les fonds disponibles sur la carte sont utilisables imm\u00e9diatement.<\/p>\n<p>Rechargez votre carte en agence ou avec l&#8217;application Xikka.[\/vc_column_text][\/vc_column_inner][vc_column_inner width=&#8221;1\/2&#8243; css=&#8221;.vc_custom_1453271259318{padding-top: 18px !important;}&#8221;][vc_single_image image=&#8221;7518&#8243; img_size=&#8221;full&#8221;][\/vc_column_inner][\/vc_row_inner][\/vc_column][\/vc_row]<\/p>\n","protected":false},"excerpt":{"rendered":"<p>[vc_row css=&#8221;.vc_custom_1668093687787{margin-bottom: 10px !important;}&#8221;][vc_column offset=&#8221;vc_col-lg-9 vc_col-md-9&#8243;][vc_custom_heading source=&#8221;post_title&#8221; use_theme_fonts=&#8221;yes&#8221; subtitle=&#8221;Un porte-monnaie \u00e9lectronique complet.&#8221; css=&#8221;.vc_custom_1668973028538{margin-bottom: 30px !important;}&#8221;][vc_row_inner css=&#8221;.vc_custom_1453271494452{margin-bottom: 50px !important;}&#8221;][vc_column_inner width=&#8221;1\/2&#8243;][vc_single_image image=&#8221;7643&#8243; img_size=&#8221;395&#215;256&#8243;][stm_spacing lg_spacing=&#8221;0&#8243; md_spacing=&#8221;0&#8243; sm_spacing=&#8221;0&#8243; xs_spacing=&#8221;10&#8243;][\/vc_column_inner][vc_column_inner width=&#8221;1\/2&#8243;][vc_custom_heading text=&#8221;Des services financiers adapt\u00e9s \u00e0 vos besoins.&#8221; font_container=&#8221;tag:h6|text_align:left|line_height:26px&#8221; use_theme_fonts=&#8221;yes&#8221; css=&#8221;.vc_custom_1668971364182{margin-bottom: 18px !important;}&#8221; el_class=&#8221;no_stripe remove_padding&#8221;][vc_column_text] Disposez gratuitement d\u2019un porte-monnaie \u00e9lectronique avec un relev\u00e9 complet de transactions. B\u00e9n\u00e9ficiez de transactions financi\u00e8res<\/p>\n","protected":false},"author":1,"featured_media":0,"parent":0,"menu_order":0,"comment_status":"closed","ping_status":"closed","template":"","meta":{"_mi_skip_tracking":false,"footnotes":""},"class_list":["post-7052","page","type-page","status-publish","hentry"],"_links":{"self":[{"href":"https:\/\/www.xikka.net\/index.php\/wp-json\/wp\/v2\/pages\/7052","targetHints":{"allow":["GET"]}}],"collection":[{"href":"https:\/\/www.xikka.net\/index.php\/wp-json\/wp\/v2\/pages"}],"about":[{"href":"https:\/\/www.xikka.net\/index.php\/wp-json\/wp\/v2\/types\/page"}],"author":[{"embeddable":true,"href":"https:\/\/www.xikka.net\/index.php\/wp-json\/wp\/v2\/users\/1"}],"replies":[{"embeddable":true,"href":"https:\/\/www.xikka.net\/index.php\/wp-json\/wp\/v2\/comments?post=7052"}],"version-history":[{"count":53,"href":"https:\/\/www.xikka.net\/index.php\/wp-json\/wp\/v2\/pages\/7052\/revisions"}],"predecessor-version":[{"id":7706,"href":"https:\/\/www.xikka.net\/index.php\/wp-json\/wp\/v2\/pages\/7052\/revisions\/7706"}],"wp:attachment":[{"href":"https:\/\/www.xikka.net\/index.php\/wp-json\/wp\/v2\/media?parent=7052"}],"curies":[{"name":"wp","href":"https:\/\/api.w.org\/{rel}","templated":true}]}}