{"id":7054,"date":"2022-10-31T22:00:09","date_gmt":"2022-10-31T21:00:09","guid":{"rendered":"https:\/\/www.xikka.net\/?page_id=7054"},"modified":"2022-12-02T18:35:01","modified_gmt":"2022-12-02T17:35:01","slug":"clients","status":"publish","type":"page","link":"https:\/\/www.xikka.net\/index.php\/clients\/","title":{"rendered":"Clients"},"content":{"rendered":"<p>[vc_row css=&#8221;.vc_custom_1668105488449{margin-bottom: 0px !important;}&#8221;][vc_column offset=&#8221;vc_col-lg-9 vc_col-md-9&#8243;][vc_custom_heading source=&#8221;post_title&#8221; use_theme_fonts=&#8221;yes&#8221; subtitle=&#8221;Xikka offre des services \u00e0 une large gamme de clients.&#8221; css=&#8221;.vc_custom_1668971045418{margin-bottom: 30px !important;}&#8221;][vc_row_inner css=&#8221;.vc_custom_1453271494452{margin-bottom: 50px !important;}&#8221;][vc_column_inner width=&#8221;1\/2&#8243;][vc_single_image image=&#8221;7550&#8243; img_size=&#8221;395&#215;256&#8243;][stm_spacing lg_spacing=&#8221;0&#8243; md_spacing=&#8221;0&#8243; sm_spacing=&#8221;0&#8243; xs_spacing=&#8221;10&#8243;][\/vc_column_inner][vc_column_inner width=&#8221;1\/2&#8243;][vc_custom_heading text=&#8221;Un syst\u00e8me au service de l\u2019inclusion financi\u00e8re&#8221; font_container=&#8221;tag:h6|text_align:left|line_height:26px&#8221; use_theme_fonts=&#8221;yes&#8221; css=&#8221;.vc_custom_1668971098447{margin-bottom: 18px !important;}&#8221; el_class=&#8221;no_stripe remove_padding&#8221;][vc_column_text]<\/p>\n<ul>\n<li>En Self-Service ou en Agence partenaire<\/li>\n<li>Sur T\u00e9l\u00e9phone, Tablette et Ordinateur<\/li>\n<li>Initiation et validation en interne<\/li>\n<li>Suivi de l\u2019\u00e9tat des transactions<\/li>\n<li>Consultation de l\u2019historique<\/li>\n<li>Edition de relev\u00e9<\/li>\n<\/ul>\n<p>[\/vc_column_text][\/vc_column_inner][\/vc_row_inner][\/vc_column][vc_column width=&#8221;1\/4&#8243; offset=&#8221;vc_hidden-sm vc_hidden-xs&#8221;][stm_sidebar sidebar=&#8221;619&#8243;][\/vc_column][\/vc_row][vc_row][vc_column][vc_separator color=&#8221;custom&#8221; accent_color=&#8221;#dddddd&#8221; css=&#8221;.vc_custom_1453271595991{margin-bottom: 21px !important;}&#8221;][vc_row_inner css=&#8221;.vc_custom_1668105366266{margin-bottom: 33px !important;}&#8221; el_id=&#8221;30&#8243;][vc_column_inner width=&#8221;1\/2&#8243;][vc_custom_heading text=&#8221;Particuliers&#8221; font_container=&#8221;tag:h3|font_size:24px|text_align:left|color:%23222222|line_height:30px&#8221; use_theme_fonts=&#8221;yes&#8221;][vc_column_text]Le client particulier dispose ou non d\u2019un compte Xikka. Il lui suffit d&#8217;avoir un num\u00e9ro de t\u00e9l\u00e9phone mobile op\u00e9rationnel.<\/p>\n<p>Avec un compte Xikka, le client qui dispose d\u2019une connexion \u00e0 Internet peut ex\u00e9cuter plusieurs op\u00e9rations de lui-m\u00eame en utilisant l\u2019application Xikka sur mobile ou la version Web <a href=\"https:\/\/app.xikka.net\">app.xikka.net<\/a>. Celui qui n\u2019a de compte fait ses op\u00e9rations principalement en agence.<\/p>\n<p>Le client n\u2019a pas besoin d\u2019un smartphone pour utiliser les services Xikka.[\/vc_column_text][\/vc_column_inner][vc_column_inner width=&#8221;1\/2&#8243; css=&#8221;.vc_custom_1453271259318{padding-top: 18px !important;}&#8221;][vc_single_image image=&#8221;7436&#8243; img_size=&#8221;full&#8221;][\/vc_column_inner][\/vc_row_inner][vc_separator color=&#8221;custom&#8221; accent_color=&#8221;#dddddd&#8221; css=&#8221;.vc_custom_1453271595991{margin-bottom: 21px !important;}&#8221;][vc_row_inner css=&#8221;.vc_custom_1668105426416{margin-bottom: 33px !important;}&#8221; el_id=&#8221;31&#8243;][vc_column_inner width=&#8221;1\/2&#8243; css=&#8221;.vc_custom_1453270747989{padding-right: 45px !important;}&#8221;][vc_custom_heading text=&#8221;Entreprises&#8221; font_container=&#8221;tag:h3|font_size:24px|text_align:left|color:%23222222|line_height:30px&#8221; use_theme_fonts=&#8221;yes&#8221;][vc_column_text]Le compte entreprise est id\u00e9al pour les dirigeants qui souhaitent avoir une clart\u00e9 dans la gestion de leurs finances. Faites vos encaissements en ligne, en boutique ou en agence.<\/p>\n<p>Ex\u00e9cutez des virements de salaire et prime sur compte Xikka ou carte bancaire ou faites des virements bancaires dans l\u2019UEMOA et disposez d\u2019un relev\u00e9 exhaustif.<\/p>\n<p>Les entreprises individuelles, Sarl et SA quel que soit leur stade de d\u00e9veloppement sont les bienvenues.[\/vc_column_text][\/vc_column_inner][vc_column_inner width=&#8221;1\/2&#8243; css=&#8221;.vc_custom_1453271259318{padding-top: 18px !important;}&#8221;][vc_single_image image=&#8221;7433&#8243; img_size=&#8221;full&#8221;][\/vc_column_inner][\/vc_row_inner][vc_separator color=&#8221;custom&#8221; accent_color=&#8221;#dddddd&#8221; css=&#8221;.vc_custom_1453271595991{margin-bottom: 21px !important;}&#8221;][vc_row_inner el_id=&#8221;32&#8243;][vc_column_inner width=&#8221;1\/2&#8243; css=&#8221;.vc_custom_1453270747989{padding-right: 45px !important;}&#8221;][vc_custom_heading text=&#8221;Institutions&#8221; font_container=&#8221;tag:h3|font_size:24px|text_align:left|color:%23222222|line_height:30px&#8221; use_theme_fonts=&#8221;yes&#8221;][vc_column_text]Les institutions sont principalement les ONG, les collectivit\u00e9s, les associations et les coop\u00e9ratives. Xikka leur offre un outil de gestion coll\u00e9gial pour les recettes, les cotisations, les tontines et les paiements divers.[\/vc_column_text][\/vc_column_inner][vc_column_inner width=&#8221;1\/2&#8243; css=&#8221;.vc_custom_1453271259318{padding-top: 18px !important;}&#8221;][vc_single_image image=&#8221;7632&#8243; img_size=&#8221;full&#8221;][\/vc_column_inner][\/vc_row_inner][\/vc_column][\/vc_row][vc_row][vc_column][vc_empty_space height=&#8221;40px&#8221;][vc_custom_heading text=&#8221;Ils nous font confiance&#8221; font_container=&#8221;tag:h3|text_align:center|color:%231e73be&#8221; use_theme_fonts=&#8221;yes&#8221;][vc_row_inner][vc_column_inner width=&#8221;1\/3&#8243;][vc_single_image image=&#8221;7769&#8243; img_size=&#8221;full&#8221; alignment=&#8221;center&#8221;][\/vc_column_inner][vc_column_inner width=&#8221;1\/3&#8243;][vc_single_image image=&#8221;7785&#8243; img_size=&#8221;70&#215;87&#8243; alignment=&#8221;center&#8221;][\/vc_column_inner][vc_column_inner width=&#8221;1\/3&#8243;][vc_single_image image=&#8221;7767&#8243; img_size=&#8221;full&#8221; alignment=&#8221;center&#8221;][\/vc_column_inner][\/vc_row_inner][\/vc_column][\/vc_row]<\/p>\n","protected":false},"excerpt":{"rendered":"<p>[vc_row css=&#8221;.vc_custom_1668105488449{margin-bottom: 0px !important;}&#8221;][vc_column offset=&#8221;vc_col-lg-9 vc_col-md-9&#8243;][vc_custom_heading source=&#8221;post_title&#8221; use_theme_fonts=&#8221;yes&#8221; subtitle=&#8221;Xikka offre des services \u00e0 une large gamme de clients.&#8221; css=&#8221;.vc_custom_1668971045418{margin-bottom: 30px !important;}&#8221;][vc_row_inner css=&#8221;.vc_custom_1453271494452{margin-bottom: 50px !important;}&#8221;][vc_column_inner width=&#8221;1\/2&#8243;][vc_single_image image=&#8221;7550&#8243; img_size=&#8221;395&#215;256&#8243;][stm_spacing lg_spacing=&#8221;0&#8243; md_spacing=&#8221;0&#8243; sm_spacing=&#8221;0&#8243; xs_spacing=&#8221;10&#8243;][\/vc_column_inner][vc_column_inner width=&#8221;1\/2&#8243;][vc_custom_heading text=&#8221;Un syst\u00e8me au service de l\u2019inclusion financi\u00e8re&#8221; font_container=&#8221;tag:h6|text_align:left|line_height:26px&#8221; use_theme_fonts=&#8221;yes&#8221; css=&#8221;.vc_custom_1668971098447{margin-bottom: 18px !important;}&#8221; el_class=&#8221;no_stripe remove_padding&#8221;][vc_column_text] En Self-Service ou en Agence partenaire Sur T\u00e9l\u00e9phone, Tablette<\/p>\n","protected":false},"author":1,"featured_media":0,"parent":0,"menu_order":0,"comment_status":"closed","ping_status":"closed","template":"","meta":{"_mi_skip_tracking":false,"footnotes":""},"class_list":["post-7054","page","type-page","status-publish","hentry"],"_links":{"self":[{"href":"https:\/\/www.xikka.net\/index.php\/wp-json\/wp\/v2\/pages\/7054","targetHints":{"allow":["GET"]}}],"collection":[{"href":"https:\/\/www.xikka.net\/index.php\/wp-json\/wp\/v2\/pages"}],"about":[{"href":"https:\/\/www.xikka.net\/index.php\/wp-json\/wp\/v2\/types\/page"}],"author":[{"embeddable":true,"href":"https:\/\/www.xikka.net\/index.php\/wp-json\/wp\/v2\/users\/1"}],"replies":[{"embeddable":true,"href":"https:\/\/www.xikka.net\/index.php\/wp-json\/wp\/v2\/comments?post=7054"}],"version-history":[{"count":15,"href":"https:\/\/www.xikka.net\/index.php\/wp-json\/wp\/v2\/pages\/7054\/revisions"}],"predecessor-version":[{"id":7789,"href":"https:\/\/www.xikka.net\/index.php\/wp-json\/wp\/v2\/pages\/7054\/revisions\/7789"}],"wp:attachment":[{"href":"https:\/\/www.xikka.net\/index.php\/wp-json\/wp\/v2\/media?parent=7054"}],"curies":[{"name":"wp","href":"https:\/\/api.w.org\/{rel}","templated":true}]}}