{"id":7058,"date":"2022-10-31T22:00:46","date_gmt":"2022-10-31T21:00:46","guid":{"rendered":"https:\/\/www.xikka.net\/?page_id=7058"},"modified":"2023-08-01T13:17:56","modified_gmt":"2023-08-01T11:17:56","slug":"partenaires","status":"publish","type":"page","link":"https:\/\/www.xikka.net\/index.php\/partenaires\/","title":{"rendered":"Partenaires"},"content":{"rendered":"<p>[vc_row full_width=&#8221;stretch_row&#8221; css=&#8221;.vc_custom_1668108829242{margin-top: 0px !important;margin-bottom: 0px !important;padding-top: 0px !important;padding-bottom: 78px !important;}&#8221;][vc_column width=&#8221;1\/2&#8243;][vc_custom_heading text=&#8221;Distributeur&#8221; font_container=&#8221;tag:h6|text_align:left&#8221; use_theme_fonts=&#8221;yes&#8221;][vc_column_text css=&#8221;.vc_custom_1690888642004{margin-bottom: 25px !important;}&#8221;]Afin de toucher le plus grand nombre de clients et prospects, nous sommes dispos\u00e9s \u00e0 \u00e9tudier les options de distribution de nos services pour les d\u00e9taillants et les grossistes dans tout pays de l&#8217;UEMOA.<\/p>\n<p>N\u2019h\u00e9sitez pas \u00e0 prendre des informations actualis\u00e9es de nos offres.[\/vc_column_text][stm_spacing lg_spacing=&#8221;0&#8243; md_spacing=&#8221;0&#8243; sm_spacing=&#8221;0&#8243; xs_spacing=&#8221;30&#8243;][\/vc_column][vc_column width=&#8221;1\/2&#8243;][vc_raw_html]JTNDaWZyYW1lJTIwd2lkdGglM0QlMjI1MDAlMjIlMjBoZWlnaHQlM0QlMjIzMDAlMjIlMjBzcmMlM0QlMjJodHRwcyUzQSUyRiUyRnd3dy55b3V0dWJlLmNvbSUyRmVtYmVkJTJGaVU4Q0Z6a0EzcnMlMjIlMjB0aXRsZSUzRCUyMllvdVR1YmUlMjB2aWRlbyUyMHBsYXllciUyMiUyMGZyYW1lYm9yZGVyJTNEJTIyMCUyMiUyMGFsbG93JTNEJTIyYWNjZWxlcm9tZXRlciUzQiUyMGF1dG9wbGF5JTNCJTIwY2xpcGJvYXJkLXdyaXRlJTNCJTIwZW5jcnlwdGVkLW1lZGlhJTNCJTIwZ3lyb3Njb3BlJTNCJTIwcGljdHVyZS1pbi1waWN0dXJlJTIyJTIwYWxsb3dmdWxsc2NyZWVuJTNFJTNDJTJGaWZyYW1lJTNF[\/vc_raw_html][\/vc_column][\/vc_row][vc_row][vc_column][vc_custom_heading text=&#8221;Nos partenaires&#8221; font_container=&#8221;tag:h3|text_align:left&#8221; use_theme_fonts=&#8221;yes&#8221; css=&#8221;.vc_custom_1668969063435{margin-bottom: 39px !important;}&#8221; subtitle=&#8221;Nos partenaires nous permettent d\u2019offrir des services exceptionnels aux clients.&#8221;][\/vc_column][\/vc_row][vc_row][vc_column width=&#8221;1\/4&#8243;][stm_icon_box hide_title_line=&#8221;hide_title_line&#8221; icon=&#8221;stm-money-bank-pp&#8221; style=&#8221;icon_left&#8221; icon_size=&#8221;16&#8243; icon_color=&#8221;base&#8221; icon_bg_color=&#8221;third_bg&#8221; icon_width=&#8221;70&#8243; title=&#8221;Banque R\u00e9gionale de March\u00e9s&#8221; css=&#8221;.vc_custom_1690888293933{margin-bottom: 28px !important;}&#8221;][\/stm_icon_box][vc_single_image image=&#8221;7497&#8243; img_size=&#8221;full&#8221;][\/vc_column][vc_column width=&#8221;1\/4&#8243;][stm_icon_box hide_title_line=&#8221;hide_title_line&#8221; icon=&#8221;stm-money-bank-pp&#8221; style=&#8221;icon_left&#8221; icon_size=&#8221;20&#8243; icon_color=&#8221;base&#8221; icon_bg_color=&#8221;third_bg&#8221; icon_width=&#8221;70&#8243; title=&#8221;United Bank for Africa&#8221; css=&#8221;.vc_custom_1690888328496{margin-bottom: 28px !important;}&#8221;][\/stm_icon_box][vc_single_image image=&#8221;7498&#8243; img_size=&#8221;full&#8221;][\/vc_column][vc_column width=&#8221;1\/4&#8243;][stm_icon_box hide_title_line=&#8221;hide_title_line&#8221; icon=&#8221;stm-money-bank-pp&#8221; style=&#8221;icon_left&#8221; icon_size=&#8221;20&#8243; icon_color=&#8221;base&#8221; icon_bg_color=&#8221;third_bg&#8221; icon_width=&#8221;70&#8243; title=&#8221;Guaranty Trust Bank&#8221; css=&#8221;.vc_custom_1690888356714{margin-bottom: 28px !important;}&#8221;][\/stm_icon_box][vc_single_image image=&#8221;7499&#8243; img_size=&#8221;full&#8221;][\/vc_column][vc_column width=&#8221;1\/4&#8243;][stm_icon_box hide_title_line=&#8221;hide_title_line&#8221; icon=&#8221;stm-world-money&#8221; style=&#8221;icon_left&#8221; icon_size=&#8221;20&#8243; icon_color=&#8221;base&#8221; icon_bg_color=&#8221;third_bg&#8221; icon_width=&#8221;70&#8243; title=&#8221;BnB Cash&#8221; css=&#8221;.vc_custom_1690888405734{margin-bottom: 28px !important;}&#8221;][\/stm_icon_box][vc_single_image image=&#8221;7500&#8243; img_size=&#8221;full&#8221;][\/vc_column][\/vc_row][vc_row][vc_column width=&#8221;1\/4&#8243;][stm_icon_box hide_title_line=&#8221;hide_title_line&#8221; icon=&#8221;stm-airplane&#8221; style=&#8221;icon_left&#8221; icon_size=&#8221;16&#8243; icon_color=&#8221;base&#8221; icon_bg_color=&#8221;third_bg&#8221; icon_width=&#8221;70&#8243; title=&#8221;DHL Express&#8221; css=&#8221;.vc_custom_1690827540720{margin-bottom: 28px !important;}&#8221;][\/stm_icon_box][vc_single_image image=&#8221;7909&#8243; img_size=&#8221;full&#8221;][\/vc_column][\/vc_row]<\/p>\n","protected":false},"excerpt":{"rendered":"<p>[vc_row full_width=&#8221;stretch_row&#8221; css=&#8221;.vc_custom_1668108829242{margin-top: 0px !important;margin-bottom: 0px !important;padding-top: 0px !important;padding-bottom: 78px !important;}&#8221;][vc_column width=&#8221;1\/2&#8243;][vc_custom_heading text=&#8221;Distributeur&#8221; font_container=&#8221;tag:h6|text_align:left&#8221; use_theme_fonts=&#8221;yes&#8221;][vc_column_text css=&#8221;.vc_custom_1690888642004{margin-bottom: 25px !important;}&#8221;]Afin de toucher le plus grand nombre de clients et prospects, nous sommes dispos\u00e9s \u00e0 \u00e9tudier les options de distribution de nos services pour les d\u00e9taillants et les grossistes dans tout pays de l&#8217;UEMOA. N\u2019h\u00e9sitez pas \u00e0 prendre<\/p>\n","protected":false},"author":1,"featured_media":0,"parent":0,"menu_order":0,"comment_status":"closed","ping_status":"closed","template":"","meta":{"_mi_skip_tracking":false,"footnotes":""},"class_list":["post-7058","page","type-page","status-publish","hentry"],"_links":{"self":[{"href":"https:\/\/www.xikka.net\/index.php\/wp-json\/wp\/v2\/pages\/7058","targetHints":{"allow":["GET"]}}],"collection":[{"href":"https:\/\/www.xikka.net\/index.php\/wp-json\/wp\/v2\/pages"}],"about":[{"href":"https:\/\/www.xikka.net\/index.php\/wp-json\/wp\/v2\/types\/page"}],"author":[{"embeddable":true,"href":"https:\/\/www.xikka.net\/index.php\/wp-json\/wp\/v2\/users\/1"}],"replies":[{"embeddable":true,"href":"https:\/\/www.xikka.net\/index.php\/wp-json\/wp\/v2\/comments?post=7058"}],"version-history":[{"count":24,"href":"https:\/\/www.xikka.net\/index.php\/wp-json\/wp\/v2\/pages\/7058\/revisions"}],"predecessor-version":[{"id":7919,"href":"https:\/\/www.xikka.net\/index.php\/wp-json\/wp\/v2\/pages\/7058\/revisions\/7919"}],"wp:attachment":[{"href":"https:\/\/www.xikka.net\/index.php\/wp-json\/wp\/v2\/media?parent=7058"}],"curies":[{"name":"wp","href":"https:\/\/api.w.org\/{rel}","templated":true}]}}