{"id":7060,"date":"2022-10-31T22:01:04","date_gmt":"2022-10-31T21:01:04","guid":{"rendered":"https:\/\/www.xikka.net\/?page_id=7060"},"modified":"2022-11-22T17:07:38","modified_gmt":"2022-11-22T16:07:38","slug":"a-propos","status":"publish","type":"page","link":"https:\/\/www.xikka.net\/index.php\/a-propos\/","title":{"rendered":"A propos"},"content":{"rendered":"<p>[vc_row][vc_column][vc_custom_heading source=&#8221;post_title&#8221; use_theme_fonts=&#8221;yes&#8221;][stm_spacing lg_spacing=&#8221;30&#8243; md_spacing=&#8221;30&#8243; sm_spacing=&#8221;30&#8243; xs_spacing=&#8221;30&#8243;][vc_row_inner][vc_column_inner width=&#8221;1\/3&#8243;][vc_single_image image=&#8221;7726&#8243; img_size=&#8221;full&#8221;][\/vc_column_inner][vc_column_inner width=&#8221;2\/3&#8243;][vc_custom_heading text=&#8221;Am\u00e9liorer l&#8217;inclusion financi\u00e8re de nos populations&#8221; font_container=&#8221;tag:h6|text_align:left&#8221; use_theme_fonts=&#8221;yes&#8221; el_class=&#8221;remove_padding&#8221;][vc_column_text]Le taux de bancarisation dans l\u2019UEMOA demeure encore faible (entre 18% et 23%) selon les pays. Il existe d\u2019\u00e9normes difficult\u00e9s d\u2019acc\u00e8s aux services financiers notamment en dehors des grandes agglom\u00e9rations.<\/p>\n<p>Xikka intervient pour combler ces insuffisances et apporter des innovations majeures.[\/vc_column_text][\/vc_column_inner][\/vc_row_inner][vc_row_inner][vc_column_inner][vc_empty_space height=&#8221;52px&#8221;][vc_custom_heading text=&#8221;Qui sommes-nous ?&#8221; font_container=&#8221;tag:h6|text_align:left&#8221; use_theme_fonts=&#8221;yes&#8221; el_class=&#8221;remove_padding&#8221;][vc_column_text]Dirig\u00e9 par des experts qui totalisent plus de 30 ann\u00e9es d\u2019exp\u00e9rience dans la finance et la mon\u00e9tique, Xikka s\u2019emploie \u00e0 r\u00e9soudre les probl\u00e8mes de transactions financi\u00e8res (difficult\u00e9s d\u2019acc\u00e8s aux institutions financi\u00e8res, l\u2019ins\u00e9curit\u00e9 li\u00e9e \u00e0 la cyber criminalit\u00e9, difficult\u00e9s de tra\u00e7abilit\u00e9 des transactions financi\u00e8res\u2026).[\/vc_column_text][\/vc_column_inner][\/vc_row_inner][vc_row_inner][vc_column_inner][vc_empty_space][vc_custom_heading text=&#8221;Notre Vision&#8221; font_container=&#8221;tag:h6|text_align:left&#8221; use_theme_fonts=&#8221;yes&#8221; el_class=&#8221;remove_padding&#8221;][vc_column_text]<\/p>\n<ul>\n<li>Contribuer au bien- \u00eatre social, \u00e9conomique et environnemental des populations<\/li>\n<li>Offrir des produits et services adapt\u00e9s et accessibles \u00e0 tous.<\/li>\n<li>Apporter une assistance \u00e0 tous dans le domaine des op\u00e9rations financi\u00e8res.<\/li>\n<\/ul>\n<p>[\/vc_column_text][\/vc_column_inner][\/vc_row_inner][vc_row_inner][vc_column_inner][vc_empty_space][vc_custom_heading text=&#8221;Notre Mission&#8221; font_container=&#8221;tag:h6|text_align:left&#8221; use_theme_fonts=&#8221;yes&#8221; el_class=&#8221;remove_padding&#8221;][vc_column_text]Demeurer l\u2019entreprise de choix de nos partenaires dans tous nos domaines d\u2019activit\u00e9s par la compr\u00e9hension et la satisfaction de leurs besoins et l\u2019excellence de nos prestations et collaborations.[\/vc_column_text][\/vc_column_inner][\/vc_row_inner][vc_row_inner][vc_column_inner][vc_empty_space][vc_custom_heading text=&#8221;Nos Objectifs&#8221; font_container=&#8221;tag:h6|text_align:left&#8221; use_theme_fonts=&#8221;yes&#8221; el_class=&#8221;remove_padding&#8221;][vc_column_text]<\/p>\n<ul>\n<li>Am\u00e9liorer l\u2019inclusion financi\u00e8re<\/li>\n<li>Faciliter les transactions financi\u00e8res courantes<\/li>\n<li>Servir de relais entre la Banque et les populations<\/li>\n<li>Offrir un ensemble de services \u00e0 co\u00fbts abordables<\/li>\n<li>Proposer une meilleure tra\u00e7abilit\u00e9 des op\u00e9rations financi\u00e8res<\/li>\n<\/ul>\n<p>[\/vc_column_text][\/vc_column_inner][\/vc_row_inner][\/vc_column][\/vc_row]<\/p>\n","protected":false},"excerpt":{"rendered":"<p>[vc_row][vc_column][vc_custom_heading source=&#8221;post_title&#8221; use_theme_fonts=&#8221;yes&#8221;][stm_spacing lg_spacing=&#8221;30&#8243; md_spacing=&#8221;30&#8243; sm_spacing=&#8221;30&#8243; xs_spacing=&#8221;30&#8243;][vc_row_inner][vc_column_inner width=&#8221;1\/3&#8243;][vc_single_image image=&#8221;7726&#8243; img_size=&#8221;full&#8221;][\/vc_column_inner][vc_column_inner width=&#8221;2\/3&#8243;][vc_custom_heading text=&#8221;Am\u00e9liorer l&#8217;inclusion financi\u00e8re de nos populations&#8221; font_container=&#8221;tag:h6|text_align:left&#8221; use_theme_fonts=&#8221;yes&#8221; el_class=&#8221;remove_padding&#8221;][vc_column_text]Le taux de bancarisation dans l\u2019UEMOA demeure encore faible (entre 18% et 23%) selon les pays. Il existe d\u2019\u00e9normes difficult\u00e9s d\u2019acc\u00e8s aux services financiers notamment en dehors des grandes agglom\u00e9rations. Xikka intervient pour combler ces insuffisances<\/p>\n","protected":false},"author":1,"featured_media":0,"parent":0,"menu_order":0,"comment_status":"closed","ping_status":"closed","template":"","meta":{"_mi_skip_tracking":false,"footnotes":""},"class_list":["post-7060","page","type-page","status-publish","hentry"],"_links":{"self":[{"href":"https:\/\/www.xikka.net\/index.php\/wp-json\/wp\/v2\/pages\/7060","targetHints":{"allow":["GET"]}}],"collection":[{"href":"https:\/\/www.xikka.net\/index.php\/wp-json\/wp\/v2\/pages"}],"about":[{"href":"https:\/\/www.xikka.net\/index.php\/wp-json\/wp\/v2\/types\/page"}],"author":[{"embeddable":true,"href":"https:\/\/www.xikka.net\/index.php\/wp-json\/wp\/v2\/users\/1"}],"replies":[{"embeddable":true,"href":"https:\/\/www.xikka.net\/index.php\/wp-json\/wp\/v2\/comments?post=7060"}],"version-history":[{"count":13,"href":"https:\/\/www.xikka.net\/index.php\/wp-json\/wp\/v2\/pages\/7060\/revisions"}],"predecessor-version":[{"id":7563,"href":"https:\/\/www.xikka.net\/index.php\/wp-json\/wp\/v2\/pages\/7060\/revisions\/7563"}],"wp:attachment":[{"href":"https:\/\/www.xikka.net\/index.php\/wp-json\/wp\/v2\/media?parent=7060"}],"curies":[{"name":"wp","href":"https:\/\/api.w.org\/{rel}","templated":true}]}}