{"id":7113,"date":"2022-11-02T19:38:15","date_gmt":"2022-11-02T18:38:15","guid":{"rendered":"https:\/\/www.xikka.net\/?page_id=7113"},"modified":"2022-11-20T21:12:25","modified_gmt":"2022-11-20T20:12:25","slug":"consulter-les-frais-de-transfert","status":"publish","type":"page","link":"https:\/\/www.xikka.net\/index.php\/consulter-les-frais-de-transfert\/","title":{"rendered":"Consulter les frais de transfert"},"content":{"rendered":"<p>[vc_row][vc_column][vc_column_text]<span style=\"color: #0e0ec9;\"><strong>LE TRANSFERT D&#8217;ARGENT S\u00dbR ET MOINS CHER POUR TOUS<\/strong><\/span><\/p>\n<p>Il existe 2 types de transfert Xikka:<\/p>\n<ul>\n<li>Transfert instantan\u00e9: le client re\u00e7oit le code de retrait et peut aussit\u00f4t effectuer son retrait dans une agence<\/li>\n<li>Transfert diff\u00e9r\u00e9 24h: Le client re\u00e7oit le code de retrait mais ne peut effectuer le retrait que dans 24 heures apr\u00e8s l\u2019ex\u00e9cution de la transaction.<\/li>\n<\/ul>\n<p>Le transfert diff\u00e9r\u00e9 a une tarification inf\u00e9rieure au transfert instantan\u00e9.<\/p>\n<p>Le client n\u2019a pas besoin d\u2019avoir un compte Xikka pour faire un transfert d\u2019argent. Il peut donner les fonds en esp\u00e8ces.[\/vc_column_text][vc_empty_space][\/vc_column][\/vc_row][vc_row css=&#8221;.vc_custom_1668879096073{background-color: #ec6707 !important;}&#8221;][vc_column][vc_row_inner][vc_column_inner width=&#8221;1\/2&#8243;][vc_column_text el_class=&#8221;p-tarif&#8221;]Service: ENVOI INSTANTANE[\/vc_column_text][\/vc_column_inner][vc_column_inner width=&#8221;1\/2&#8243;][vc_column_text el_class=&#8221;p-tarif&#8221;]Service: C\u00d4TE D&#8217;IVOIRE &#8211; C\u00d4TE D&#8217;IVOIRE[\/vc_column_text][\/vc_column_inner][\/vc_row_inner][\/vc_column][\/vc_row][vc_row][vc_column][stm_spacing lg_spacing=&#8221;30&#8243;][\/vc_column][\/vc_row][vc_row][vc_column][vc_row_inner][vc_column_inner el_class=&#8221;table-tarif&#8221; width=&#8221;1\/2&#8243;][vc_raw_html]JTNDZGl2JTIwY2xhc3MlM0QlMjJ0YXJpZiUyMiUzRSUwQSUwOSUzQ3RhYmxlJTNFJTBBJTA5JTIwJTIwJTNDdHIlM0UlMEElMDklMDklM0N0aCUzRU1pbiUzQyUyRnRoJTNFJTBBJTA5JTA5JTNDdGglM0VNYXglM0MlMkZ0aCUzRSUwQSUwOSUwOSUzQ3RoJTNFRnJhaXMlM0MlMkZ0aCUzRSUwQSUwOSUyMCUyMCUzQyUyRnRyJTNFJTBBJTA5JTIwJTIwJTNDdHIlM0UlMEElMDklMDklM0N0ZCUzRTElM0MlMkZ0ZCUzRSUwQSUwOSUwOSUzQ3RkJTNFMjUwMCUzQyUyRnRkJTNFJTBBJTA5JTA5JTNDdGQlM0UxMCUzQyUyRnRkJTNFJTBBJTA5JTIwJTIwJTNDJTJGdHIlM0UlMEElMDklMjAlMjAlM0N0ciUzRSUwQSUwOSUwOSUzQ3RkJTNFMjUwMSUzQyUyRnRkJTNFJTBBJTA5JTA5JTNDdGQlM0U1MDAwJTNDJTJGdGQlM0UlMEElMDklMDklM0N0ZCUzRTI1JTNDJTJGdGQlM0UlMEElMDklMjAlMjAlM0MlMkZ0ciUzRSUwQSUwOSUyMCUyMCUzQ3RyJTNFJTBBJTA5JTA5JTNDdGQlM0U1MDAxJTNDJTJGdGQlM0UlMEElMDklMDklM0N0ZCUzRTc1MDAlM0MlMkZ0ZCUzRSUwQSUwOSUwOSUzQ3RkJTNFNTAlM0MlMkZ0ZCUzRSUwQSUwOSUyMCUyMCUzQyUyRnRyJTNFJTBBJTA5JTIwJTIwJTNDdHIlM0UlMEElMDklMDklM0N0ZCUzRTc1MDElM0MlMkZ0ZCUzRSUwQSUwOSUwOSUzQ3RkJTNFMTAwMDAlM0MlMkZ0ZCUzRSUwQSUwOSUwOSUzQ3RkJTNFNzUlM0MlMkZ0ZCUzRSUwQSUwOSUyMCUyMCUzQyUyRnRyJTNFJTBBJTA5JTIwJTIwJTNDdHIlM0UlMEElMDklMDklM0N0ZCUzRTEwMDAxJTNDJTJGdGQlM0UlMEElMDklMDklM0N0ZCUzRTE1MDAwJTNDJTJGdGQlM0UlMEElMDklMDklM0N0ZCUzRTEwMCUzQyUyRnRkJTNFJTBBJTA5JTIwJTIwJTNDJTJGdHIlM0UlMEElMDklMjAlMjAlM0N0ciUzRSUwQSUwOSUwOSUzQ3RkJTNFMTUwMDElM0MlMkZ0ZCUzRSUwQSUwOSUwOSUzQ3RkJTNFMjAwMDAlM0MlMkZ0ZCUzRSUwQSUwOSUwOSUzQ3RkJTNFMTUwJTNDJTJGdGQlM0UlMEElMDklMjAlMjAlM0MlMkZ0ciUzRSUwQSUwOSUyMCUyMCUzQ3RyJTNFJTBBJTA5JTA5JTNDdGQlM0UyMDAwMSUzQyUyRnRkJTNFJTBBJTA5JTA5JTNDdGQlM0UyNTAwMCUzQyUyRnRkJTNFJTBBJTA5JTA5JTNDdGQlM0UyMDAlM0MlMkZ0ZCUzRSUwQSUwOSUyMCUyMCUzQyUyRnRyJTNFJTBBJTA5JTIwJTIwJTNDdHIlM0UlMEElMDklMDklM0N0ZCUzRTI1MDAxJTNDJTJGdGQlM0UlMEElMDklMDklM0N0ZCUzRTMwMDAwJTNDJTJGdGQlM0UlMEElMDklMDklM0N0ZCUzRTI1MCUzQyUyRnRkJTNFJTBBJTA5JTIwJTIwJTNDJTJGdHIlM0UlMEElMDklMjAlMjAlM0N0ciUzRSUwQSUwOSUwOSUzQ3RkJTNFMzAwMDElM0MlMkZ0ZCUzRSUwQSUwOSUwOSUzQ3RkJTNFMzUwMDAlM0MlMkZ0ZCUzRSUwQSUwOSUwOSUzQ3RkJTNFMzAwJTNDJTJGdGQlM0UlMEElMDklMjAlMjAlM0MlMkZ0ciUzRSUwQSUwOSUyMCUyMCUzQ3RyJTNFJTBBJTA5JTA5JTNDdGQlM0UzNTAwMSUzQyUyRnRkJTNFJTBBJTA5JTA5JTNDdGQlM0U0MDAwMCUzQyUyRnRkJTNFJTBBJTA5JTA5JTNDdGQlM0UzNTAlM0MlMkZ0ZCUzRSUwQSUwOSUyMCUyMCUzQyUyRnRyJTNFJTBBJTA5JTIwJTIwJTNDdHIlM0UlMEElMDklMDklM0N0ZCUzRTQwMDAxJTNDJTJGdGQlM0UlMEElMDklMDklM0N0ZCUzRTQ1MDAwJTNDJTJGdGQlM0UlMEElMDklMDklM0N0ZCUzRTQwMCUzQyUyRnRkJTNFJTBBJTA5JTIwJTIwJTNDJTJGdHIlM0UlMEElMDklMjAlMjAlM0N0ciUzRSUwQSUwOSUwOSUzQ3RkJTNFNDUwMDElM0MlMkZ0ZCUzRSUwQSUwOSUwOSUzQ3RkJTNFNTAwMDAlM0MlMkZ0ZCUzRSUwQSUwOSUwOSUzQ3RkJTNFNDUwJTNDJTJGdGQlM0UlMEElMDklMjAlMjAlM0MlMkZ0ciUzRSUwQSUwOSUyMCUyMCUzQ3RyJTNFJTBBJTA5JTA5JTNDdGQlM0U1MDAwMSUzQyUyRnRkJTNFJTBBJTA5JTA5JTNDdGQlM0U4MDAwMCUzQyUyRnRkJTNFJTBBJTA5JTA5JTNDdGQlM0U1MDAlM0MlMkZ0ZCUzRSUwQSUwOSUyMCUyMCUzQyUyRnRyJTNFJTBBJTA5JTIwJTIwJTNDdHIlM0UlMEElMDklMDklM0N0ZCUzRTgwMDAxJTNDJTJGdGQlM0UlMEElMDklMDklM0N0ZCUzRTEwMDAwMCUzQyUyRnRkJTNFJTBBJTA5JTA5JTNDdGQlM0U3NTAlM0MlMkZ0ZCUzRSUwQSUwOSUyMCUyMCUzQyUyRnRyJTNFJTBBJTA5JTIwJTIwJTNDdHIlM0UlMEElMDklMDklM0N0ZCUzRTEwMDAwMSUzQyUyRnRkJTNFJTBBJTA5JTA5JTNDdGQlM0UxNTAwMDAlM0MlMkZ0ZCUzRSUwQSUwOSUwOSUzQ3RkJTNFOTUwJTNDJTJGdGQlM0UlMEElMDklMjAlMjAlM0MlMkZ0ciUzRSUwQSUwOSUyMCUyMCUzQ3RyJTNFJTBBJTA5JTA5JTNDdGQlM0UxNTAwMDElM0MlMkZ0ZCUzRSUwQSUwOSUwOSUzQ3RkJTNFMjAwMDAwJTNDJTJGdGQlM0UlMEElMDklMDklM0N0ZCUzRTEzMDAlM0MlMkZ0ZCUzRSUwQSUwOSUyMCUyMCUzQyUyRnRyJTNFJTBBJTA5JTIwJTIwJTNDdHIlM0UlMEElMDklMDklM0N0ZCUzRTIwMDAwMSUzQyUyRnRkJTNFJTBBJTA5JTA5JTNDdGQlM0UyNTAwMDAlM0MlMkZ0ZCUzRSUwQSUwOSUwOSUzQ3RkJTNFMTgwMCUzQyUyRnRkJTNFJTBBJTA5JTIwJTIwJTNDJTJGdHIlM0UlMEElMDklMjAlMjAlM0N0ciUzRSUwQSUwOSUwOSUzQ3RkJTNFMjUwMDAxJTNDJTJGdGQlM0UlMEElMDklMDklM0N0ZCUzRTMwMDAwMCUzQyUyRnRkJTNFJTBBJTA5JTA5JTNDdGQlM0UyMzAwJTNDJTJGdGQlM0UlMEElMDklMjAlMjAlM0MlMkZ0ciUzRSUwQSUwOSUyMCUyMCUzQ3RyJTNFJTBBJTA5JTA5JTNDdGQlM0UzMDAwMDElM0MlMkZ0ZCUzRSUwQSUwOSUwOSUzQ3RkJTNFMzUwMDAwJTNDJTJGdGQlM0UlMEElMDklMDklM0N0ZCUzRTI4MDAlM0MlMkZ0ZCUzRSUwQSUwOSUyMCUyMCUzQyUyRnRyJTNFJTBBJTA5JTIwJTIwJTNDdHIlM0UlMEElMDklMDklM0N0ZCUzRTM1MDAwMSUzQyUyRnRkJTNFJTBBJTA5JTA5JTNDdGQlM0U0MDAwMDAlM0MlMkZ0ZCUzRSUwQSUwOSUwOSUzQ3RkJTNFMzMwMCUzQyUyRnRkJTNFJTBBJTA5JTIwJTIwJTNDJTJGdHIlM0UlMEElMDklMjAlMjAlM0N0ciUzRSUwQSUwOSUwOSUzQ3RkJTNFNDAwMDAxJTNDJTJGdGQlM0UlMEElMDklMDklM0N0ZCUzRTQ1MDAwMCUzQyUyRnRkJTNFJTBBJTA5JTA5JTNDdGQlM0UzODAwJTNDJTJGdGQlM0UlMEElMDklMjAlMjAlM0MlMkZ0ciUzRSUwQSUwOSUzQyUyRnRhYmxlJTNFJTBBJTA5JTNDJTJGZGl2JTNFJTBBJTA5[\/vc_raw_html][\/vc_column_inner][vc_column_inner el_class=&#8221;table-tarif&#8221; width=&#8221;1\/2&#8243;][vc_raw_html]JTNDZGl2JTIwY2xhc3MlM0QlMjJ0YXJpZiUyMiUzRSUwQSUwOSUzQ3RhYmxlJTNFJTBBJTA5JTIwJTIwJTNDdHIlM0UlMEElMDklMDklM0N0aCUzRU1pbiUzQyUyRnRoJTNFJTBBJTA5JTA5JTNDdGglM0VNYXglM0MlMkZ0aCUzRSUwQSUwOSUwOSUzQ3RoJTNFRnJhaXMlM0MlMkZ0aCUzRSUwQSUwOSUyMCUyMCUzQyUyRnRyJTNFJTBBJTA5JTIwJTIwJTNDdHIlM0UlMEElMDklMDklM0N0ZCUzRTQ1MDAwMSUzQyUyRnRkJTNFJTBBJTA5JTA5JTNDdGQlM0U1MDAwMDAlM0MlMkZ0ZCUzRSUwQSUwOSUwOSUzQ3RkJTNFNDMwMCUzQyUyRnRkJTNFJTBBJTA5JTIwJTIwJTNDJTJGdHIlM0UlMEElMDklMjAlMjAlM0N0ciUzRSUwQSUwOSUwOSUzQ3RkJTNFNTAwMDAxJTNDJTJGdGQlM0UlMEElMDklMDklM0N0ZCUzRTU1MDAwMCUzQyUyRnRkJTNFJTBBJTA5JTA5JTNDdGQlM0U0ODAwJTNDJTJGdGQlM0UlMEElMDklMjAlMjAlM0MlMkZ0ciUzRSUwQSUwOSUyMCUyMCUzQ3RyJTNFJTBBJTA5JTA5JTNDdGQlM0U1NTAwMDElM0MlMkZ0ZCUzRSUwQSUwOSUwOSUzQ3RkJTNFNjAwMDAwJTNDJTJGdGQlM0UlMEElMDklMDklM0N0ZCUzRTUzMDAlM0MlMkZ0ZCUzRSUwQSUwOSUyMCUyMCUzQyUyRnRyJTNFJTBBJTA5JTIwJTIwJTNDdHIlM0UlMEElMDklMDklM0N0ZCUzRTYwMDAwMSUzQyUyRnRkJTNFJTBBJTA5JTA5JTNDdGQlM0U2NTAwMDAlM0MlMkZ0ZCUzRSUwQSUwOSUwOSUzQ3RkJTNFNTgwMCUzQyUyRnRkJTNFJTBBJTA5JTIwJTIwJTNDJTJGdHIlM0UlMEElMDklMjAlMjAlM0N0ciUzRSUwQSUwOSUwOSUzQ3RkJTNFNjUwMDAxJTNDJTJGdGQlM0UlMEElMDklMDklM0N0ZCUzRTcwMDAwMCUzQyUyRnRkJTNFJTBBJTA5JTA5JTNDdGQlM0U2MzAwJTNDJTJGdGQlM0UlMEElMDklMjAlMjAlM0MlMkZ0ciUzRSUwQSUwOSUyMCUyMCUzQ3RyJTNFJTBBJTA5JTA5JTNDdGQlM0U3MDAwMDElM0MlMkZ0ZCUzRSUwQSUwOSUwOSUzQ3RkJTNFNzUwMDAwJTNDJTJGdGQlM0UlMEElMDklMDklM0N0ZCUzRTY4MDAlM0MlMkZ0ZCUzRSUwQSUwOSUyMCUyMCUzQyUyRnRyJTNFJTBBJTA5JTIwJTIwJTNDdHIlM0UlMEElMDklMDklM0N0ZCUzRTc1MDAwMSUzQyUyRnRkJTNFJTBBJTA5JTA5JTNDdGQlM0U4MDAwMDAlM0MlMkZ0ZCUzRSUwQSUwOSUwOSUzQ3RkJTNFNzMwMCUzQyUyRnRkJTNFJTBBJTA5JTIwJTIwJTNDJTJGdHIlM0UlMEElMDklMjAlMjAlM0N0ciUzRSUwQSUwOSUwOSUzQ3RkJTNFODAwMDAxJTNDJTJGdGQlM0UlMEElMDklMDklM0N0ZCUzRTg1MDAwMCUzQyUyRnRkJTNFJTBBJTA5JTA5JTNDdGQlM0U3ODAwJTNDJTJGdGQlM0UlMEElMDklMjAlMjAlM0MlMkZ0ciUzRSUwQSUwOSUyMCUyMCUzQ3RyJTNFJTBBJTA5JTA5JTNDdGQlM0U4NTAwMDElM0MlMkZ0ZCUzRSUwQSUwOSUwOSUzQ3RkJTNFOTAwMDAwJTNDJTJGdGQlM0UlMEElMDklMDklM0N0ZCUzRTgzMDAlM0MlMkZ0ZCUzRSUwQSUwOSUyMCUyMCUzQyUyRnRyJTNFJTBBJTA5JTIwJTIwJTNDdHIlM0UlMEElMDklMDklM0N0ZCUzRTkwMDAwMSUzQyUyRnRkJTNFJTBBJTA5JTA5JTNDdGQlM0U5NTAwMDAlM0MlMkZ0ZCUzRSUwQSUwOSUwOSUzQ3RkJTNFODgwMCUzQyUyRnRkJTNFJTBBJTA5JTIwJTIwJTNDJTJGdHIlM0UlMEElMDklMjAlMjAlM0N0ciUzRSUwQSUwOSUwOSUzQ3RkJTNFOTUwMDAxJTNDJTJGdGQlM0UlMEElMDklMDklM0N0ZCUzRTEwMDAwMDAlM0MlMkZ0ZCUzRSUwQSUwOSUwOSUzQ3RkJTNFOTMwMCUzQyUyRnRkJTNFJTBBJTA5JTIwJTIwJTNDJTJGdHIlM0UlMEElMDklMjAlMjAlM0N0ciUzRSUwQSUwOSUwOSUzQ3RkJTNFMTAwMDAwMSUzQyUyRnRkJTNFJTBBJTA5JTA5JTNDdGQlM0UxMTAwMDAwJTNDJTJGdGQlM0UlMEElMDklMDklM0N0ZCUzRTk4MDAlM0MlMkZ0ZCUzRSUwQSUwOSUyMCUyMCUzQyUyRnRyJTNFJTBBJTA5JTIwJTIwJTNDdHIlM0UlMEElMDklMDklM0N0ZCUzRTExMDAwMDElM0MlMkZ0ZCUzRSUwQSUwOSUwOSUzQ3RkJTNFMTIwMDAwMCUzQyUyRnRkJTNFJTBBJTA5JTA5JTNDdGQlM0UxMDcwMCUzQyUyRnRkJTNFJTBBJTA5JTIwJTIwJTNDJTJGdHIlM0UlMEElMDklMjAlMjAlM0N0ciUzRSUwQSUwOSUwOSUzQ3RkJTNFMTIwMDAwMSUzQyUyRnRkJTNFJTBBJTA5JTA5JTNDdGQlM0UxMzAwMDAwJTNDJTJGdGQlM0UlMEElMDklMDklM0N0ZCUzRTExNjAwJTNDJTJGdGQlM0UlMEElMDklMjAlMjAlM0MlMkZ0ciUzRSUwQSUwOSUyMCUyMCUzQ3RyJTNFJTBBJTA5JTA5JTNDdGQlM0UxMzAwMDAxJTNDJTJGdGQlM0UlMEElMDklMDklM0N0ZCUzRTE0MDAwMDAlM0MlMkZ0ZCUzRSUwQSUwOSUwOSUzQ3RkJTNFMTI1MDAlM0MlMkZ0ZCUzRSUwQSUwOSUyMCUyMCUzQyUyRnRyJTNFJTBBJTA5JTIwJTIwJTNDdHIlM0UlMEElMDklMDklM0N0ZCUzRTE0MDAwMDElM0MlMkZ0ZCUzRSUwQSUwOSUwOSUzQ3RkJTNFMTUwMDAwMCUzQyUyRnRkJTNFJTBBJTA5JTA5JTNDdGQlM0UxMzQwMCUzQyUyRnRkJTNFJTBBJTA5JTIwJTIwJTNDJTJGdHIlM0UlMEElMDklMjAlMjAlM0N0ciUzRSUwQSUwOSUwOSUzQ3RkJTNFMTUwMDAwMSUzQyUyRnRkJTNFJTBBJTA5JTA5JTNDdGQlM0UxNjAwMDAwJTNDJTJGdGQlM0UlMEElMDklMDklM0N0ZCUzRTE0MzAwJTNDJTJGdGQlM0UlMEElMDklMjAlMjAlM0MlMkZ0ciUzRSUwQSUwOSUyMCUyMCUzQ3RyJTNFJTBBJTA5JTA5JTNDdGQlM0UxNjAwMDAxJTNDJTJGdGQlM0UlMEElMDklMDklM0N0ZCUzRTE3MDAwMDAlM0MlMkZ0ZCUzRSUwQSUwOSUwOSUzQ3RkJTNFMTUyMDAlM0MlMkZ0ZCUzRSUwQSUwOSUyMCUyMCUzQyUyRnRyJTNFJTBBJTA5JTIwJTIwJTNDdHIlM0UlMEElMDklMDklM0N0ZCUzRTE3MDAwMDElM0MlMkZ0ZCUzRSUwQSUwOSUwOSUzQ3RkJTNFMTgwMDAwMCUzQyUyRnRkJTNFJTBBJTA5JTA5JTNDdGQlM0UxNjEwMCUzQyUyRnRkJTNFJTBBJTA5JTIwJTIwJTNDJTJGdHIlM0UlMEElMDklMjAlMjAlM0N0ciUzRSUwQSUwOSUwOSUzQ3RkJTNFMTgwMDAwMSUzQyUyRnRkJTNFJTBBJTA5JTA5JTNDdGQlM0UxOTAwMDAwJTNDJTJGdGQlM0UlMEElMDklMDklM0N0ZCUzRTE3MDAwJTNDJTJGdGQlM0UlMEElMDklMjAlMjAlM0MlMkZ0ciUzRSUwQSUwOSUyMCUyMCUzQ3RyJTNFJTBBJTA5JTA5JTNDdGQlM0UxOTAwMDAxJTNDJTJGdGQlM0UlMEElMDklMDklM0N0ZCUzRTIwMDAwMDAlM0MlMkZ0ZCUzRSUwQSUwOSUwOSUzQ3RkJTNFMTc5MDAlM0MlMkZ0ZCUzRSUwQSUwOSUyMCUyMCUzQyUyRnRyJTNFJTBBJTA5JTNDJTJGdGFibGUlM0UlMEElMDklM0MlMkZkaXYlM0UlMEElMDk=[\/vc_raw_html][\/vc_column_inner][\/vc_row_inner][vc_row_inner][vc_column_inner][vc_column_text]<\/p>\n<h5 style=\"text-align: center;\"><span style=\"color: #ff6600;\"><em><strong>NB: Frais de retrait : 0 FCFA (gratuit)<\/strong><\/em><\/span><\/h5>\n<p>[\/vc_column_text][\/vc_column_inner][\/vc_row_inner][\/vc_column][\/vc_row]<\/p>\n","protected":false},"excerpt":{"rendered":"<p>[vc_row][vc_column][vc_column_text]LE TRANSFERT D&#8217;ARGENT S\u00dbR ET MOINS CHER POUR TOUS Il existe 2 types de transfert Xikka: Transfert instantan\u00e9: le client re\u00e7oit le code de retrait et peut aussit\u00f4t effectuer son retrait dans une agence Transfert diff\u00e9r\u00e9 24h: Le client re\u00e7oit le code de retrait mais ne peut effectuer le retrait que dans 24 heures apr\u00e8s<\/p>\n","protected":false},"author":1,"featured_media":0,"parent":0,"menu_order":0,"comment_status":"closed","ping_status":"closed","template":"","meta":{"_mi_skip_tracking":false,"footnotes":""},"class_list":["post-7113","page","type-page","status-publish","hentry"],"_links":{"self":[{"href":"https:\/\/www.xikka.net\/index.php\/wp-json\/wp\/v2\/pages\/7113","targetHints":{"allow":["GET"]}}],"collection":[{"href":"https:\/\/www.xikka.net\/index.php\/wp-json\/wp\/v2\/pages"}],"about":[{"href":"https:\/\/www.xikka.net\/index.php\/wp-json\/wp\/v2\/types\/page"}],"author":[{"embeddable":true,"href":"https:\/\/www.xikka.net\/index.php\/wp-json\/wp\/v2\/users\/1"}],"replies":[{"embeddable":true,"href":"https:\/\/www.xikka.net\/index.php\/wp-json\/wp\/v2\/comments?post=7113"}],"version-history":[{"count":23,"href":"https:\/\/www.xikka.net\/index.php\/wp-json\/wp\/v2\/pages\/7113\/revisions"}],"predecessor-version":[{"id":7711,"href":"https:\/\/www.xikka.net\/index.php\/wp-json\/wp\/v2\/pages\/7113\/revisions\/7711"}],"wp:attachment":[{"href":"https:\/\/www.xikka.net\/index.php\/wp-json\/wp\/v2\/media?parent=7113"}],"curies":[{"name":"wp","href":"https:\/\/api.w.org\/{rel}","templated":true}]}}