{"id":7138,"date":"2022-11-02T20:09:12","date_gmt":"2022-11-02T19:09:12","guid":{"rendered":"https:\/\/www.xikka.net\/?page_id=7138"},"modified":"2022-12-25T22:35:22","modified_gmt":"2022-12-25T21:35:22","slug":"xikka-vox","status":"publish","type":"page","link":"https:\/\/www.xikka.net\/index.php\/xikka-vox\/","title":{"rendered":"Xikka Vox"},"content":{"rendered":"<p>[vc_row][vc_column offset=&#8221;vc_col-lg-9 vc_col-md-9&#8243;][vc_custom_heading text=&#8221;Xikka Vox &#8211; Visa Pr\u00e9pay\u00e9e&#8221; use_theme_fonts=&#8221;yes&#8221; css=&#8221;.vc_custom_1668968095832{margin-bottom: 30px !important;}&#8221;][vc_row_inner css=&#8221;.vc_custom_1453271494452{margin-bottom: 50px !important;}&#8221;][vc_column_inner width=&#8221;1\/2&#8243;][vc_single_image image=&#8221;7695&#8243; img_size=&#8221;full&#8221;][stm_spacing lg_spacing=&#8221;0&#8243; md_spacing=&#8221;0&#8243; sm_spacing=&#8221;0&#8243; xs_spacing=&#8221;10&#8243;][vc_raw_html]JTNDYSUyMGNsYXNzJTNEJTIydmNfZ2VuZXJhbCUyMHZjX2J0bjMlMjB2Y19idG4zLXNpemUtbGclMjB2Y19idG4zLXNoYXBlLXJvdW5kZWQlMjB2Y19idG4zLXN0eWxlLWNsYXNzaWMlMjB2Y19idG4zLWJsb2NrJTIwdmNfYnRuMy1pY29uLWxlZnQlMjB2Y19idG4zLWNvbG9yLXRoZW1lX3N0eWxlXzElMjIlMjB0YXJnZXQlM0QlMjJfYmxhbmslMjIlMjBocmVmJTNEJTIyaHR0cHMlM0ElMkYlMkZ3d3cueGlra2EubmV0JTJGd3AtY29udGVudCUyRnVwbG9hZHMlMkYyMDE5JTJGMDklMkZDT05ESVRJT05TLURVVElMSVNBVElPTi1ERS1YSUtLQS1WT1gtTm92LTIwMjItU2hvcnQtMC5wZGYlMjIlMjB0aXRsZSUzRCUyMiUyMiUzRSUzQ2klMjBjbGFzcyUzRCUyMnZjX2J0bjMtaWNvbiUyMCUyMiUzRSUzQyUyRmklM0VWb2lyJTIwbGVzJTIwY29uZGl0aW9ucyUyMHRhcmlmYWlyZXMlMjBkZSUyMFhpa2thJTIwVm94JTNDJTJGYSUzRQ==[\/vc_raw_html][\/vc_column_inner][vc_column_inner width=&#8221;1\/2&#8243;][vc_custom_heading text=&#8221;Xikka Vox est une carte bancaire Visa Pr\u00e9pay\u00e9e qui n\u2019est pas associ\u00e9e \u00e0 un compte bancaire.&#8221; font_container=&#8221;tag:h6|text_align:left|line_height:26px&#8221; use_theme_fonts=&#8221;yes&#8221; css=&#8221;.vc_custom_1668033875858{margin-bottom: 18px !important;}&#8221; el_class=&#8221;no_stripe remove_padding&#8221;][vc_column_text]<\/p>\n<p style=\"line-height: 22px;\">Xikka Vox est \u00e9mise par la banque UBA C\u00f4te d\u2019Ivoire pour Xikka SA. Elle est anonyme (le nom du client n\u2019est pas inscrit sur la carte) ou personnalis\u00e9e (le nom du client est inscrit sur la carte).<\/p>\n<p style=\"line-height: 22px;\">Xikka Vox est destin\u00e9e aux particuliers et aux institutions et est fonctionnelle sur tout guichet automatique (GAB) ou terminal de paiement \u00e9lectronique (TPE) acceptant la carte Visa en C\u00f4te d\u2019Ivoire et dans le monde.<\/p>\n<p style=\"line-height: 22px;\">Elle sert \u00e0 effectuer des retraits d&#8217;esp\u00e8ces et \u00e0 r\u00e9gler des biens et services dans le commerce et en ligne (Internet).<\/p>\n<p style=\"line-height: 22px;\">Xikka Vox re\u00e7oit des d\u00e9p\u00f4ts tels que les primes, les salaires, de l&#8217;argent de poche et les frais de mission.<\/p>\n<p>[\/vc_column_text][vc_gallery images=&#8221;7405,7406&#8243; img_size=&#8221;full&#8221; onclick=&#8221;custom_link&#8221; custom_links=&#8221;#E-8_aHR0cHMlM0ElMkYlMkZ3d3cuYXBwbGUuY29tJTJGc3RvcmUlMkNodHRwcyUzQSUyRiUyRnBsYXkuZ29vZ2xlLmNvbSUyRnN0b3JlJTJGYXBwcyUyRmRldGFpbHMlM0ZpZCUzRHhpa2thX2NsaWVudC5tYXdhLmNvbSUyNmdsJTNEU04=&#8221;][\/vc_column_inner][\/vc_row_inner][\/vc_column][vc_column width=&#8221;1\/4&#8243; offset=&#8221;vc_hidden-sm vc_hidden-xs&#8221;][stm_sidebar sidebar=&#8221;619&#8243;][\/vc_column][\/vc_row][vc_row][vc_column][vc_custom_heading text=&#8221;Xikka Vox&#8221; use_theme_fonts=&#8221;yes&#8221; subtitle=&#8221;Formulaire de souscription&#8221; css=&#8221;.vc_custom_1668968735623{margin-bottom: 30px !important;}&#8221;][vc_row_inner css=&#8221;.vc_custom_1668364689424{background-color: #d3d3d3 !important;}&#8221;][vc_column_inner width=&#8221;1\/6&#8243;][\/vc_column_inner][vc_column_inner el_class=&#8221;voxform&#8221; width=&#8221;2\/3&#8243;][vc_column_text]<div id=\"vfb-form-3\" class=\"visual-form-builder-container\"><form id=\"xikka-vox-3\" class=\"visual-form-builder vfb-form-3 \" method=\"post\" enctype=\"multipart\/form-data\">\r\n\t  \t<input type=\"hidden\" name=\"form_id\" value=\"3\" \/><fieldset class=\"vfb-fieldset vfb-fieldset-1 identite \" id=\"item-vfb-36\"><div class=\"vfb-legend\"><h3>Identit\u00e9<\/h3><\/div><ul class=\"vfb-section vfb-section-1\"><li class=\"vfb-item vfb-item-radio  \" id=\"item-vfb-40\"><label class=\"vfb-desc\">Civilit\u00e9  <span class=\"vfb-required-asterisk\">*<\/span><\/label><div><span class=\"vfb-span\"><input type=\"radio\" name=\"vfb-40\" id=\"vfb-40-1\" value=\"Monsieur\" class=\"vfb-radio  required \" \/><label for=\"vfb-40-1\" class=\"vfb-choice\">Monsieur<\/label><\/span><span class=\"vfb-span\"><input type=\"radio\" name=\"vfb-40\" id=\"vfb-40-2\" value=\"Madame\" class=\"vfb-radio  required \" \/><label for=\"vfb-40-2\" class=\"vfb-choice\">Madame<\/label><\/span><span class=\"vfb-span\"><input type=\"radio\" name=\"vfb-40\" id=\"vfb-40-3\" value=\"Mademoiselle\" class=\"vfb-radio  required \" \/><label for=\"vfb-40-3\" class=\"vfb-choice\">Mademoiselle<\/label><\/span><div style=\"clear:both\"><\/div><\/div><\/li><li class=\"vfb-item vfb-item-text  \" id=\"item-vfb-41\"><label for=\"vfb-41\" class=\"vfb-desc\">Pr\u00e9noms  <span class=\"vfb-required-asterisk\">*<\/span><\/label><input type=\"text\" name=\"vfb-41\" id=\"vfb-41\" value=\"\" class=\"vfb-text  vfb-medium  required  \" \/><\/li><li class=\"vfb-item vfb-item-text  \" id=\"item-vfb-63\"><label for=\"vfb-63\" class=\"vfb-desc\">Nom  <span class=\"vfb-required-asterisk\">*<\/span><\/label><input type=\"text\" name=\"vfb-63\" id=\"vfb-63\" value=\"\" class=\"vfb-text  vfb-medium  required  \" \/><\/li><li class=\"vfb-item vfb-item-phone  \" id=\"item-vfb-42\"><label for=\"vfb-42\" class=\"vfb-desc\">T\u00e9l\u00e9phone mobile  <span class=\"vfb-required-asterisk\">*<\/span><\/label><input type=\"tel\" name=\"vfb-42\" id=\"vfb-42\" value=\"\" class=\"vfb-text  vfb-medium  required  phone \" \/><\/li><li class=\"vfb-item vfb-item-phone  \" id=\"item-vfb-43\"><label for=\"vfb-43\" class=\"vfb-desc\">T\u00e9l\u00e9phone fixe <\/label><input type=\"tel\" name=\"vfb-43\" id=\"vfb-43\" value=\"\" class=\"vfb-text  vfb-medium   phone \" \/><\/li><li class=\"vfb-item vfb-item-date  \" id=\"item-vfb-44\"><label for=\"vfb-44\" class=\"vfb-desc\">Date de naissance  <span class=\"vfb-required-asterisk\">*<\/span><\/label><input type=\"text\" name=\"vfb-44\" id=\"vfb-44\" value=\"\" class=\"vfb-text vfb-date-picker  vfb-medium  required \" data-dp-dateFormat=\"mm\/dd\/yy\" \/><\/li><li class=\"vfb-item vfb-item-text  \" id=\"item-vfb-45\"><label for=\"vfb-45\" class=\"vfb-desc\">Lieu de naissance  <span class=\"vfb-required-asterisk\">*<\/span><\/label><input type=\"text\" name=\"vfb-45\" id=\"vfb-45\" value=\"\" class=\"vfb-text  vfb-medium  required  \" \/><\/li><li class=\"vfb-item vfb-item-text  \" id=\"item-vfb-46\"><label for=\"vfb-46\" class=\"vfb-desc\">Adresse g\u00e9ographique  <span class=\"vfb-required-asterisk\">*<\/span><\/label><input type=\"text\" name=\"vfb-46\" id=\"vfb-46\" value=\"\" class=\"vfb-text  vfb-medium  required  \" \/><\/li><li class=\"vfb-item vfb-item-text  \" id=\"item-vfb-47\"><label for=\"vfb-47\" class=\"vfb-desc\">Ville  <span class=\"vfb-required-asterisk\">*<\/span><\/label><input type=\"text\" name=\"vfb-47\" id=\"vfb-47\" value=\"\" class=\"vfb-text  vfb-medium  required  \" \/><\/li><li class=\"vfb-item vfb-item-text  \" id=\"item-vfb-48\"><label for=\"vfb-48\" class=\"vfb-desc\">Pays  <span class=\"vfb-required-asterisk\">*<\/span><\/label><input type=\"text\" name=\"vfb-48\" id=\"vfb-48\" value=\"\" class=\"vfb-text  vfb-medium  required  \" \/><\/li><li class=\"vfb-item vfb-item-email  \" id=\"item-vfb-49\"><label for=\"vfb-49\" class=\"vfb-desc\">Email  <span class=\"vfb-required-asterisk\">*<\/span><\/label><input type=\"email\" name=\"vfb-49\" id=\"vfb-49\" value=\"\" class=\"vfb-text  vfb-medium  required  email \" \/><\/li><li class=\"vfb-item vfb-item-text  \" id=\"item-vfb-50\"><label for=\"vfb-50\" class=\"vfb-desc\">Profession  <span class=\"vfb-required-asterisk\">*<\/span><\/label><input type=\"text\" name=\"vfb-50\" id=\"vfb-50\" value=\"\" class=\"vfb-text  vfb-medium  required  \" \/><\/li><li class=\"vfb-item vfb-item-radio  \" id=\"item-vfb-58\"><label class=\"vfb-desc\">Type de pi\u00e8ce d&#039;identit\u00e9  <span class=\"vfb-required-asterisk\">*<\/span><\/label><div><span class=\"vfb-span\"><input type=\"radio\" name=\"vfb-58\" id=\"vfb-58-1\" value=\"Carte nationale d&#039;identit\u00e9\" class=\"vfb-radio  required \" \/><label for=\"vfb-58-1\" class=\"vfb-choice\">Carte nationale d'identit\u00e9<\/label><\/span><span class=\"vfb-span\"><input type=\"radio\" name=\"vfb-58\" id=\"vfb-58-2\" value=\"Passeport international\" class=\"vfb-radio  required \" \/><label for=\"vfb-58-2\" class=\"vfb-choice\">Passeport international<\/label><\/span><span class=\"vfb-span\"><input type=\"radio\" name=\"vfb-58\" id=\"vfb-58-3\" value=\"Attestation d&#039;identit\u00e9\" class=\"vfb-radio  required \" \/><label for=\"vfb-58-3\" class=\"vfb-choice\">Attestation d'identit\u00e9<\/label><\/span><span class=\"vfb-span\"><input type=\"radio\" name=\"vfb-58\" id=\"vfb-58-4\" value=\"Carte consulaire\" class=\"vfb-radio  required \" \/><label for=\"vfb-58-4\" class=\"vfb-choice\">Carte consulaire<\/label><\/span><span class=\"vfb-span\"><input type=\"radio\" name=\"vfb-58\" id=\"vfb-58-5\" value=\"Permis de conduire\" class=\"vfb-radio  required \" \/><label for=\"vfb-58-5\" class=\"vfb-choice\">Permis de conduire<\/label><\/span><div style=\"clear:both\"><\/div><\/div><\/li><li class=\"vfb-item vfb-item-text  \" id=\"item-vfb-56\"><label for=\"vfb-56\" class=\"vfb-desc\">Num\u00e9ro pi\u00e8ce d&#039;identit\u00e9  <span class=\"vfb-required-asterisk\">*<\/span><\/label><span class=\"vfb-span\"><input type=\"text\" name=\"vfb-56\" id=\"vfb-56\" value=\"\" class=\"vfb-text  vfb-medium  required  \" \/><label>Indiquer le num\u00e9ro de la pi\u00e8ce d'identit\u00e9<\/label><\/span><\/li><li class=\"vfb-item vfb-item-file-upload  \" id=\"item-vfb-60\"><label for=\"vfb-60\" class=\"vfb-desc\">Photo pi\u00e8ce d&#039;identit\u00e9 - Recto (face)  <span class=\"vfb-required-asterisk\">*<\/span><\/label><input type=\"file\" name=\"vfb-60\" id=\"vfb-60\" value=\"\" class=\"vfb-text  vfb-medium  required    {accept:'png|jpe?g|gif'}\" \/><\/li><li class=\"vfb-item vfb-item-file-upload  \" id=\"item-vfb-67\"><label for=\"vfb-67\" class=\"vfb-desc\">Photo pi\u00e8ce d&#039;identit\u00e9 - Verso (arri\u00e8re)  <span class=\"vfb-required-asterisk\">*<\/span><\/label><input type=\"file\" name=\"vfb-67\" id=\"vfb-67\" value=\"\" class=\"vfb-text  vfb-medium  required    {accept:'png|jpe?g|gif'}\" \/><\/li><li class=\"vfb-item vfb-item-text  \" id=\"item-vfb-70\"><label for=\"vfb-70\" class=\"vfb-desc\">Information libre <\/label><input type=\"text\" name=\"vfb-70\" id=\"vfb-70\" value=\"\" class=\"vfb-text  vfb-medium   \" \/><\/li><li class=\"vfb-item vfb-item-file-upload  \" id=\"item-vfb-68\"><label for=\"vfb-68\" class=\"vfb-desc\">Information libre <\/label><input type=\"file\" name=\"vfb-68\" id=\"vfb-68\" value=\"\" class=\"vfb-text  vfb-medium     {accept:'png|jpe?g|gif'}\" \/><\/li><\/ul>&nbsp;<\/fieldset><fieldset class=\"vfb-fieldset vfb-fieldset-2 verification \" id=\"item-vfb-37\" style=\"display:block\"><div class=\"vfb-legend\"><h3>V\u00e9rification<\/h3><\/div><ul class=\"vfb-section vfb-section-2\"><li class=\"vfb-item vfb-item-secret\"  style=\"display:block\"><label for=\"vfb-38\" class=\"vfb-desc\">Entrez 2 chiffres quelconques <span class=\"vfb-required-asterisk\">*<\/span><\/label><input type=\"hidden\" name=\"_vfb-secret\" value=\"vfb-38\" \/><span class=\"vfb-span\"><input type=\"text\" name=\"vfb-38\" id=\"vfb-38\" value=\"\" class=\"vfb-text  vfb-medium  required {digits:true,maxlength:2,minlength:2} \" style=\"display:block\" \/><label>Exemple: 63<\/label><\/span><li style=\"display:none;\"><label>This box is for spam protection - &lt;strong&gt;please leave it blank&lt;\/strong&gt;:<\/label><div><input name=\"vfb-spam\" \/><\/div><\/li>\r\n\t\t\t<li class=\"vfb-item vfb-item-submit\" id=\"item-vfb-39\">\r\n\t\t\t\t<input type=\"submit\" name=\"vfb-submit\" id=\"vfb-39\" value=\"Envoyer\" class=\"vfb-submit \" \/>\r\n\t\t\t\t<\/li><\/ul>\r\n\t\t\t<\/fieldset><input type=\"hidden\" name=\"_wp_http_referer\" value=\"\/index.php\/wp-json\/wp\/v2\/pages\/7138\" \/><\/form><\/div> <!-- .visual-form-builder-container -->[\/vc_column_text][\/vc_column_inner][vc_column_inner width=&#8221;1\/6&#8243;][\/vc_column_inner][\/vc_row_inner][\/vc_column][\/vc_row]<\/p>\n","protected":false},"excerpt":{"rendered":"<p>[vc_row][vc_column offset=&#8221;vc_col-lg-9 vc_col-md-9&#8243;][vc_custom_heading text=&#8221;Xikka Vox &#8211; Visa Pr\u00e9pay\u00e9e&#8221; use_theme_fonts=&#8221;yes&#8221; css=&#8221;.vc_custom_1668968095832{margin-bottom: 30px !important;}&#8221;][vc_row_inner css=&#8221;.vc_custom_1453271494452{margin-bottom: 50px !important;}&#8221;][vc_column_inner width=&#8221;1\/2&#8243;][vc_single_image image=&#8221;7695&#8243; img_size=&#8221;full&#8221;][stm_spacing lg_spacing=&#8221;0&#8243; md_spacing=&#8221;0&#8243; sm_spacing=&#8221;0&#8243; xs_spacing=&#8221;10&#8243;][vc_raw_html]JTNDYSUyMGNsYXNzJTNEJTIydmNfZ2VuZXJhbCUyMHZjX2J0bjMlMjB2Y19idG4zLXNpemUtbGclMjB2Y19idG4zLXNoYXBlLXJvdW5kZWQlMjB2Y19idG4zLXN0eWxlLWNsYXNzaWMlMjB2Y19idG4zLWJsb2NrJTIwdmNfYnRuMy1pY29uLWxlZnQlMjB2Y19idG4zLWNvbG9yLXRoZW1lX3N0eWxlXzElMjIlMjB0YXJnZXQlM0QlMjJfYmxhbmslMjIlMjBocmVmJTNEJTIyaHR0cHMlM0ElMkYlMkZ3d3cueGlra2EubmV0JTJGd3AtY29udGVudCUyRnVwbG9hZHMlMkYyMDE5JTJGMDklMkZDT05ESVRJT05TLURVVElMSVNBVElPTi1ERS1YSUtLQS1WT1gtTm92LTIwMjItU2hvcnQtMC5wZGYlMjIlMjB0aXRsZSUzRCUyMiUyMiUzRSUzQ2klMjBjbGFzcyUzRCUyMnZjX2J0bjMtaWNvbiUyMCUyMiUzRSUzQyUyRmklM0VWb2lyJTIwbGVzJTIwY29uZGl0aW9ucyUyMHRhcmlmYWlyZXMlMjBkZSUyMFhpa2thJTIwVm94JTNDJTJGYSUzRQ==[\/vc_raw_html][\/vc_column_inner][vc_column_inner width=&#8221;1\/2&#8243;][vc_custom_heading text=&#8221;Xikka Vox est une carte bancaire Visa Pr\u00e9pay\u00e9e qui n\u2019est pas associ\u00e9e \u00e0 un compte bancaire.&#8221; font_container=&#8221;tag:h6|text_align:left|line_height:26px&#8221; use_theme_fonts=&#8221;yes&#8221; css=&#8221;.vc_custom_1668033875858{margin-bottom: 18px !important;}&#8221; el_class=&#8221;no_stripe remove_padding&#8221;][vc_column_text] Xikka Vox est \u00e9mise par la banque UBA C\u00f4te<\/p>\n","protected":false},"author":1,"featured_media":0,"parent":0,"menu_order":0,"comment_status":"closed","ping_status":"closed","template":"","meta":{"_mi_skip_tracking":false,"footnotes":""},"class_list":["post-7138","page","type-page","status-publish","hentry"],"_links":{"self":[{"href":"https:\/\/www.xikka.net\/index.php\/wp-json\/wp\/v2\/pages\/7138","targetHints":{"allow":["GET"]}}],"collection":[{"href":"https:\/\/www.xikka.net\/index.php\/wp-json\/wp\/v2\/pages"}],"about":[{"href":"https:\/\/www.xikka.net\/index.php\/wp-json\/wp\/v2\/types\/page"}],"author":[{"embeddable":true,"href":"https:\/\/www.xikka.net\/index.php\/wp-json\/wp\/v2\/users\/1"}],"replies":[{"embeddable":true,"href":"https:\/\/www.xikka.net\/index.php\/wp-json\/wp\/v2\/comments?post=7138"}],"version-history":[{"count":30,"href":"https:\/\/www.xikka.net\/index.php\/wp-json\/wp\/v2\/pages\/7138\/revisions"}],"predecessor-version":[{"id":7803,"href":"https:\/\/www.xikka.net\/index.php\/wp-json\/wp\/v2\/pages\/7138\/revisions\/7803"}],"wp:attachment":[{"href":"https:\/\/www.xikka.net\/index.php\/wp-json\/wp\/v2\/media?parent=7138"}],"curies":[{"name":"wp","href":"https:\/\/api.w.org\/{rel}","templated":true}]}}