{"id":7242,"date":"2022-11-06T12:23:04","date_gmt":"2022-11-06T11:23:04","guid":{"rendered":"https:\/\/www.xikka.net\/?page_id=7242"},"modified":"2022-11-08T22:48:24","modified_gmt":"2022-11-08T21:48:24","slug":"vision","status":"publish","type":"page","link":"https:\/\/www.xikka.net\/index.php\/vision\/","title":{"rendered":"Vision"},"content":{"rendered":"<p>[vc_row][vc_column][vc_custom_heading source=&#8221;post_title&#8221; use_theme_fonts=&#8221;yes&#8221;][stm_spacing lg_spacing=&#8221;30&#8243; md_spacing=&#8221;30&#8243; sm_spacing=&#8221;30&#8243; xs_spacing=&#8221;30&#8243;][vc_row_inner][vc_column_inner width=&#8221;1\/3&#8243;][vc_single_image image=&#8221;7174&#8243; img_size=&#8221;full&#8221;][\/vc_column_inner][vc_column_inner width=&#8221;2\/3&#8243;][vc_custom_heading text=&#8221;Xikka Money Circulation&#8221; font_container=&#8221;tag:h4|text_align:left&#8221; use_theme_fonts=&#8221;yes&#8221; el_class=&#8221;remove_padding&#8221;][vc_column_text]<\/p>\n<ul>\n<li>Contribuer au bien- \u00eatre social, \u00e9conomique et environnemental des populations<\/li>\n<li>Offrir des produits et services adapt\u00e9s et accessibles \u00e0 tous.<\/li>\n<li>Apporter une assistance \u00e0 tous dans le domaine des op\u00e9rations financi\u00e8res.<\/li>\n<\/ul>\n<p>Xikka est un facilitateur des transactions financi\u00e8res en ligne via un objet digital connect\u00e9 (tablette \u2013 smartphone \u2013 t\u00e9l\u00e9phone \u2013 ordinateur portable et bureau\u2026). Dirig\u00e9 par des experts financiers qui totalisent plus de 30 ann\u00e9es d\u2019exp\u00e9rience l\u2019expertise financi\u00e8re et la mon\u00e9tique, Xikka s\u2019emploie \u00e0 r\u00e9soudre les probl\u00e8mes de transactions financi\u00e8res (difficult\u00e9s d\u2019acc\u00e8s aux institutions financi\u00e8res, l\u2019ins\u00e9curit\u00e9 li\u00e9e \u00e0 la cyber criminalit\u00e9, difficult\u00e9s de tra\u00e7abilit\u00e9 des transactions financi\u00e8res\u2026).[\/vc_column_text][\/vc_column_inner][\/vc_row_inner][\/vc_column][\/vc_row]<\/p>\n","protected":false},"excerpt":{"rendered":"<p>[vc_row][vc_column][vc_custom_heading source=&#8221;post_title&#8221; use_theme_fonts=&#8221;yes&#8221;][stm_spacing lg_spacing=&#8221;30&#8243; md_spacing=&#8221;30&#8243; sm_spacing=&#8221;30&#8243; xs_spacing=&#8221;30&#8243;][vc_row_inner][vc_column_inner width=&#8221;1\/3&#8243;][vc_single_image image=&#8221;7174&#8243; img_size=&#8221;full&#8221;][\/vc_column_inner][vc_column_inner width=&#8221;2\/3&#8243;][vc_custom_heading text=&#8221;Xikka Money Circulation&#8221; font_container=&#8221;tag:h4|text_align:left&#8221; use_theme_fonts=&#8221;yes&#8221; el_class=&#8221;remove_padding&#8221;][vc_column_text] Contribuer au bien- \u00eatre social, \u00e9conomique et environnemental des populations Offrir des produits et services adapt\u00e9s et accessibles \u00e0 tous. Apporter une assistance \u00e0 tous dans le domaine des op\u00e9rations financi\u00e8res. Xikka est un facilitateur des transactions financi\u00e8res<\/p>\n","protected":false},"author":1,"featured_media":0,"parent":0,"menu_order":0,"comment_status":"closed","ping_status":"closed","template":"","meta":{"_mi_skip_tracking":false,"footnotes":""},"class_list":["post-7242","page","type-page","status-publish","hentry"],"_links":{"self":[{"href":"https:\/\/www.xikka.net\/index.php\/wp-json\/wp\/v2\/pages\/7242","targetHints":{"allow":["GET"]}}],"collection":[{"href":"https:\/\/www.xikka.net\/index.php\/wp-json\/wp\/v2\/pages"}],"about":[{"href":"https:\/\/www.xikka.net\/index.php\/wp-json\/wp\/v2\/types\/page"}],"author":[{"embeddable":true,"href":"https:\/\/www.xikka.net\/index.php\/wp-json\/wp\/v2\/users\/1"}],"replies":[{"embeddable":true,"href":"https:\/\/www.xikka.net\/index.php\/wp-json\/wp\/v2\/comments?post=7242"}],"version-history":[{"count":3,"href":"https:\/\/www.xikka.net\/index.php\/wp-json\/wp\/v2\/pages\/7242\/revisions"}],"predecessor-version":[{"id":7301,"href":"https:\/\/www.xikka.net\/index.php\/wp-json\/wp\/v2\/pages\/7242\/revisions\/7301"}],"wp:attachment":[{"href":"https:\/\/www.xikka.net\/index.php\/wp-json\/wp\/v2\/media?parent=7242"}],"curies":[{"name":"wp","href":"https:\/\/api.w.org\/{rel}","templated":true}]}}