{"id":7244,"date":"2022-11-06T12:23:19","date_gmt":"2022-11-06T11:23:19","guid":{"rendered":"https:\/\/www.xikka.net\/?page_id=7244"},"modified":"2022-11-08T22:50:39","modified_gmt":"2022-11-08T21:50:39","slug":"mission","status":"publish","type":"page","link":"https:\/\/www.xikka.net\/index.php\/mission\/","title":{"rendered":"Mission"},"content":{"rendered":"<p>[vc_row][vc_column][vc_custom_heading source=&#8221;post_title&#8221; use_theme_fonts=&#8221;yes&#8221;][stm_spacing lg_spacing=&#8221;30&#8243; md_spacing=&#8221;30&#8243; sm_spacing=&#8221;30&#8243; xs_spacing=&#8221;30&#8243;][vc_row_inner][vc_column_inner width=&#8221;1\/3&#8243;][vc_single_image image=&#8221;7174&#8243; img_size=&#8221;full&#8221;][\/vc_column_inner][vc_column_inner width=&#8221;2\/3&#8243;][vc_custom_heading text=&#8221;Xikka Money Circulation&#8221; font_container=&#8221;tag:h4|text_align:left&#8221; use_theme_fonts=&#8221;yes&#8221; el_class=&#8221;remove_padding&#8221;][vc_column_text]Demeurer l\u2019entreprise de choix de nos partenaires dans tous nos domaines d\u2019activit\u00e9s par la compr\u00e9hension et la satisfaction de leurs besoins et l\u2019excellence de nos prestations et collaborations.<\/p>\n<p>Notre objectif vise les axes suivants:<\/p>\n<ul>\n<li>Am\u00e9liorer l\u2019inclusion financi\u00e8re<\/li>\n<li>Faciliter les transactions financi\u00e8res courantes<\/li>\n<li>Servir de relais entre la Banque et les populations<\/li>\n<li>Offrir un ensemble de services \u00e0 co\u00fbts abordables<\/li>\n<li>Proposer une meilleure tra\u00e7abilit\u00e9 des op\u00e9rations financi\u00e8res<\/li>\n<\/ul>\n<p>[\/vc_column_text][\/vc_column_inner][\/vc_row_inner][\/vc_column][\/vc_row]<\/p>\n","protected":false},"excerpt":{"rendered":"<p>[vc_row][vc_column][vc_custom_heading source=&#8221;post_title&#8221; use_theme_fonts=&#8221;yes&#8221;][stm_spacing lg_spacing=&#8221;30&#8243; md_spacing=&#8221;30&#8243; sm_spacing=&#8221;30&#8243; xs_spacing=&#8221;30&#8243;][vc_row_inner][vc_column_inner width=&#8221;1\/3&#8243;][vc_single_image image=&#8221;7174&#8243; img_size=&#8221;full&#8221;][\/vc_column_inner][vc_column_inner width=&#8221;2\/3&#8243;][vc_custom_heading text=&#8221;Xikka Money Circulation&#8221; font_container=&#8221;tag:h4|text_align:left&#8221; use_theme_fonts=&#8221;yes&#8221; el_class=&#8221;remove_padding&#8221;][vc_column_text]Demeurer l\u2019entreprise de choix de nos partenaires dans tous nos domaines d\u2019activit\u00e9s par la compr\u00e9hension et la satisfaction de leurs besoins et l\u2019excellence de nos prestations et collaborations. Notre objectif vise les axes suivants: Am\u00e9liorer l\u2019inclusion financi\u00e8re Faciliter les<\/p>\n","protected":false},"author":1,"featured_media":0,"parent":0,"menu_order":0,"comment_status":"closed","ping_status":"closed","template":"","meta":{"_mi_skip_tracking":false,"footnotes":""},"class_list":["post-7244","page","type-page","status-publish","hentry"],"_links":{"self":[{"href":"https:\/\/www.xikka.net\/index.php\/wp-json\/wp\/v2\/pages\/7244","targetHints":{"allow":["GET"]}}],"collection":[{"href":"https:\/\/www.xikka.net\/index.php\/wp-json\/wp\/v2\/pages"}],"about":[{"href":"https:\/\/www.xikka.net\/index.php\/wp-json\/wp\/v2\/types\/page"}],"author":[{"embeddable":true,"href":"https:\/\/www.xikka.net\/index.php\/wp-json\/wp\/v2\/users\/1"}],"replies":[{"embeddable":true,"href":"https:\/\/www.xikka.net\/index.php\/wp-json\/wp\/v2\/comments?post=7244"}],"version-history":[{"count":3,"href":"https:\/\/www.xikka.net\/index.php\/wp-json\/wp\/v2\/pages\/7244\/revisions"}],"predecessor-version":[{"id":7303,"href":"https:\/\/www.xikka.net\/index.php\/wp-json\/wp\/v2\/pages\/7244\/revisions\/7303"}],"wp:attachment":[{"href":"https:\/\/www.xikka.net\/index.php\/wp-json\/wp\/v2\/media?parent=7244"}],"curies":[{"name":"wp","href":"https:\/\/api.w.org\/{rel}","templated":true}]}}