{"id":7400,"date":"2022-11-09T23:14:52","date_gmt":"2022-11-09T22:14:52","guid":{"rendered":"https:\/\/www.xikka.net\/?page_id=7400"},"modified":"2022-11-20T20:56:30","modified_gmt":"2022-11-20T19:56:30","slug":"xikka-sur-mobile","status":"publish","type":"page","link":"https:\/\/www.xikka.net\/index.php\/xikka-sur-mobile\/","title":{"rendered":"Xikka sur mobile"},"content":{"rendered":"<p>[vc_row css=&#8221;.vc_custom_1452687555475{margin-bottom: 100px !important;}&#8221;][vc_column offset=&#8221;vc_col-lg-9 vc_col-md-9&#8243;][vc_custom_heading source=&#8221;post_title&#8221; use_theme_fonts=&#8221;yes&#8221; subtitle=&#8221;L\u2019application Xikka est disponible sur les syst\u00e8mes Android et iOS (iPhone et iPad).&#8221; css=&#8221;.vc_custom_1668032483656{margin-bottom: 30px !important;}&#8221;][vc_row_inner css=&#8221;.vc_custom_1453271494452{margin-bottom: 50px !important;}&#8221;][vc_column_inner width=&#8221;1\/2&#8243;][vc_single_image image=&#8221;7545&#8243; img_size=&#8221;full&#8221;][stm_spacing lg_spacing=&#8221;0&#8243; md_spacing=&#8221;0&#8243; sm_spacing=&#8221;0&#8243; xs_spacing=&#8221;10&#8243;][\/vc_column_inner][vc_column_inner width=&#8221;1\/2&#8243;][vc_custom_heading text=&#8221;Profitez de Xikka dans la main&#8221; font_container=&#8221;tag:h6|text_align:left|line_height:26px&#8221; use_theme_fonts=&#8221;yes&#8221; css=&#8221;.vc_custom_1668973360979{margin-bottom: 18px !important;}&#8221; el_class=&#8221;no_stripe remove_padding&#8221;][vc_column_text]&nbsp;<\/p>\n<ul>\n<li>Ouvrez votre compte Xikka<\/li>\n<li>Faites vos op\u00e9rations et suivez leurs statuts \u00e0 tout moment.<\/li>\n<li>Mettez \u00e0 jour vos photos, la pi\u00e8ce d\u2019identit\u00e9, le code PIN et le mot de passe.<\/li>\n<li>Profitez du relev\u00e9 d\u00e9taill\u00e9 de toutes vos transactions.<\/li>\n<li style=\"line-height: 22px;\">T\u00e9l\u00e9chargez Xikka maintenant!<\/li>\n<\/ul>\n<p>[\/vc_column_text][vc_gallery images=&#8221;7405,7406&#8243; img_size=&#8221;full&#8221; onclick=&#8221;custom_link&#8221; custom_links=&#8221;#E-8_aHR0cHMlM0ElMkYlMkZhcHBzLmFwcGxlLmNvbSUyRnVzJTJGYXBwJTJGeGlra2ElMkZpZDE2NDM2ODk5MzglMkNodHRwcyUzQSUyRiUyRnBsYXkuZ29vZ2xlLmNvbSUyRnN0b3JlJTJGYXBwcyUyRmRldGFpbHMlM0ZpZCUzRHhpa2thX2NsaWVudC5tYXdhLmNvbSUyNmdsJTNEU04=&#8221;][\/vc_column_inner][\/vc_row_inner][\/vc_column][vc_column width=&#8221;1\/4&#8243; offset=&#8221;vc_hidden-sm vc_hidden-xs&#8221;][stm_sidebar sidebar=&#8221;619&#8243;][\/vc_column][\/vc_row]<\/p>\n","protected":false},"excerpt":{"rendered":"<p>[vc_row css=&#8221;.vc_custom_1452687555475{margin-bottom: 100px !important;}&#8221;][vc_column offset=&#8221;vc_col-lg-9 vc_col-md-9&#8243;][vc_custom_heading source=&#8221;post_title&#8221; use_theme_fonts=&#8221;yes&#8221; subtitle=&#8221;L\u2019application Xikka est disponible sur les syst\u00e8mes Android et iOS (iPhone et iPad).&#8221; css=&#8221;.vc_custom_1668032483656{margin-bottom: 30px !important;}&#8221;][vc_row_inner css=&#8221;.vc_custom_1453271494452{margin-bottom: 50px !important;}&#8221;][vc_column_inner width=&#8221;1\/2&#8243;][vc_single_image image=&#8221;7545&#8243; img_size=&#8221;full&#8221;][stm_spacing lg_spacing=&#8221;0&#8243; md_spacing=&#8221;0&#8243; sm_spacing=&#8221;0&#8243; xs_spacing=&#8221;10&#8243;][\/vc_column_inner][vc_column_inner width=&#8221;1\/2&#8243;][vc_custom_heading text=&#8221;Profitez de Xikka dans la main&#8221; font_container=&#8221;tag:h6|text_align:left|line_height:26px&#8221; use_theme_fonts=&#8221;yes&#8221; css=&#8221;.vc_custom_1668973360979{margin-bottom: 18px !important;}&#8221; el_class=&#8221;no_stripe remove_padding&#8221;][vc_column_text]&nbsp; Ouvrez votre compte Xikka Faites vos op\u00e9rations<\/p>\n","protected":false},"author":1,"featured_media":0,"parent":0,"menu_order":0,"comment_status":"closed","ping_status":"closed","template":"","meta":{"_mi_skip_tracking":false,"footnotes":""},"class_list":["post-7400","page","type-page","status-publish","hentry"],"_links":{"self":[{"href":"https:\/\/www.xikka.net\/index.php\/wp-json\/wp\/v2\/pages\/7400","targetHints":{"allow":["GET"]}}],"collection":[{"href":"https:\/\/www.xikka.net\/index.php\/wp-json\/wp\/v2\/pages"}],"about":[{"href":"https:\/\/www.xikka.net\/index.php\/wp-json\/wp\/v2\/types\/page"}],"author":[{"embeddable":true,"href":"https:\/\/www.xikka.net\/index.php\/wp-json\/wp\/v2\/users\/1"}],"replies":[{"embeddable":true,"href":"https:\/\/www.xikka.net\/index.php\/wp-json\/wp\/v2\/comments?post=7400"}],"version-history":[{"count":13,"href":"https:\/\/www.xikka.net\/index.php\/wp-json\/wp\/v2\/pages\/7400\/revisions"}],"predecessor-version":[{"id":7707,"href":"https:\/\/www.xikka.net\/index.php\/wp-json\/wp\/v2\/pages\/7400\/revisions\/7707"}],"wp:attachment":[{"href":"https:\/\/www.xikka.net\/index.php\/wp-json\/wp\/v2\/media?parent=7400"}],"curies":[{"name":"wp","href":"https:\/\/api.w.org\/{rel}","templated":true}]}}