{"id":7957,"date":"2023-11-05T14:18:39","date_gmt":"2023-11-05T14:18:39","guid":{"rendered":"https:\/\/www.xikka.net\/?page_id=7957"},"modified":"2023-11-05T19:13:41","modified_gmt":"2023-11-05T19:13:41","slug":"suppression-de-vos-donnees","status":"publish","type":"page","link":"https:\/\/www.xikka.net\/index.php\/suppression-de-vos-donnees\/","title":{"rendered":"Suppression de vos donn\u00e9es"},"content":{"rendered":"\n<p>&nbsp;<\/p>\n\n\n\n<h3 class=\"wp-block-heading\">Cher Client,<\/h3>\n\n\n\n<p>&nbsp;<\/p>\n\n\n\n<p>Vous avez le droit de supprimer ou de nous demander de vous aider \u00e0 supprimer les donn\u00e9es personnelles que nous avons recueillies \u00e0 votre sujet.<\/p>\n\n\n\n<p>Notre service peut vous donner la possibilit\u00e9 de supprimer certaines informations vous concernant \u00e0 partir du service.<\/p>\n\n\n\n<p>Vous pouvez mettre \u00e0 jour, modifier ou supprimer vos informations \u00e0 tout moment en vous connectant \u00e0 votre compte, si vous en avez un, et en visitant la section des param\u00e8tres du compte qui vous permet de g\u00e9rer vos informations personnelles. Vous pouvez \u00e9galement nous contacter pour demander l&#8217;acc\u00e8s, la correction ou la suppression de toute information personnelle que vous nous avez fournie.<\/p>\n\n\n\n<p>Veuillez toutefois noter que nous pouvons \u00eatre amen\u00e9s \u00e0 conserver certaines informations lorsque nous avons une obligation l\u00e9gale ou une base juridique pour le faire.<\/p>\n\n\n\n<p><p>Pour supprimer vos donn\u00e9es, veuillez renseigner le formulaire ci-dessous:<\/p>\n<p>&nbsp;<\/p><\/p>\n\n\n\n<p>Merci.<\/p>\n\n\n\n<div id=\"vfb-form-4\" class=\"visual-form-builder-container\"><form id=\"suppression-donnees-client-4\" class=\"visual-form-builder vfb-form-4 \" method=\"post\" enctype=\"multipart\/form-data\">\r\n\t  \t<input type=\"hidden\" name=\"form_id\" value=\"4\" \/><fieldset class=\"vfb-fieldset vfb-fieldset-1 identification-client \" id=\"item-vfb-73\"><div class=\"vfb-legend\"><h3>Identification Client<\/h3><\/div><ul class=\"vfb-section vfb-section-1\"><li class=\"vfb-item vfb-item-text  \" id=\"item-vfb-78\"><label for=\"vfb-78\" class=\"vfb-desc\">Nom  <span class=\"vfb-required-asterisk\">*<\/span><\/label><input type=\"text\" name=\"vfb-78\" id=\"vfb-78\" value=\"\" class=\"vfb-text  vfb-medium  required  \" \/><\/li><li class=\"vfb-item vfb-item-text  \" id=\"item-vfb-77\"><label for=\"vfb-77\" class=\"vfb-desc\">Pr\u00e9noms  <span class=\"vfb-required-asterisk\">*<\/span><\/label><input type=\"text\" name=\"vfb-77\" id=\"vfb-77\" value=\"\" class=\"vfb-text  vfb-medium  required  \" \/><\/li><li class=\"vfb-item vfb-item-text  \" id=\"item-vfb-79\"><label for=\"vfb-79\" class=\"vfb-desc\">Compte Xikka  <span class=\"vfb-required-asterisk\">*<\/span><\/label><span class=\"vfb-span\"><input type=\"text\" name=\"vfb-79\" id=\"vfb-79\" value=\"\" class=\"vfb-text  vfb-medium  required  \" \/><label>De la forme AA0000000 exemple: CI00000011<\/label><\/span><\/li><li class=\"vfb-item vfb-item-email  \" id=\"item-vfb-80\"><label for=\"vfb-80\" class=\"vfb-desc\">Email  <span class=\"vfb-required-asterisk\">*<\/span><\/label><input type=\"email\" name=\"vfb-80\" id=\"vfb-80\" value=\"\" class=\"vfb-text  vfb-medium  required  email \" \/><\/li><li class=\"vfb-item vfb-item-phone  \" id=\"item-vfb-81\"><label for=\"vfb-81\" class=\"vfb-desc\">T\u00e9l\u00e9phone  <span class=\"vfb-required-asterisk\">*<\/span><\/label><input type=\"tel\" name=\"vfb-81\" id=\"vfb-81\" value=\"\" class=\"vfb-text  vfb-medium  required  phone \" \/><\/li><li class=\"vfb-item vfb-item-textarea  \" id=\"item-vfb-82\"><label for=\"vfb-82\" class=\"vfb-desc\">Raison de la demande de suppression  <span class=\"vfb-required-asterisk\">*<\/span><\/label><div><textarea name=\"vfb-82\" id=\"vfb-82\" class=\"vfb-textarea  vfb-medium  required \"><\/textarea><\/div><\/li><\/ul>&nbsp;<\/fieldset><fieldset class=\"vfb-fieldset vfb-fieldset-2 verification \" id=\"item-vfb-74\" style=\"display:block\"><div class=\"vfb-legend\"><h3>V\u00e9rification<\/h3><\/div><ul class=\"vfb-section vfb-section-2\"><li class=\"vfb-item vfb-item-secret\"  style=\"display:block\"><label for=\"vfb-75\" class=\"vfb-desc\">Entrez 2 chiffres quelconques <span class=\"vfb-required-asterisk\">*<\/span><\/label><input type=\"hidden\" name=\"_vfb-secret\" value=\"vfb-75\" \/><span class=\"vfb-span\"><input type=\"text\" name=\"vfb-75\" id=\"vfb-75\" value=\"\" class=\"vfb-text  vfb-medium  required {digits:true,maxlength:2,minlength:2} \" style=\"display:block\" \/><label>Exemple: 49<\/label><\/span><li style=\"display:none;\"><label>This box is for spam protection - &lt;strong&gt;please leave it blank&lt;\/strong&gt;:<\/label><div><input name=\"vfb-spam\" \/><\/div><\/li>\r\n\t\t\t<li class=\"vfb-item vfb-item-submit\" id=\"item-vfb-76\">\r\n\t\t\t\t<input type=\"submit\" name=\"vfb-submit\" id=\"vfb-76\" value=\"Soumettre\" class=\"vfb-submit \" \/>\r\n\t\t\t\t<\/li><\/ul>\r\n\t\t\t<\/fieldset><input type=\"hidden\" name=\"_wp_http_referer\" value=\"\/index.php\/wp-json\/wp\/v2\/pages\/7957\" \/><\/form><\/div> <!-- .visual-form-builder-container -->\n\n\n\n<p>&nbsp;<\/p>\n","protected":false},"excerpt":{"rendered":"<p>&nbsp; Cher Client, &nbsp; Vous avez le droit de supprimer ou de nous demander de vous aider \u00e0 supprimer les donn\u00e9es personnelles que nous avons recueillies \u00e0 votre sujet. Notre service peut vous donner la possibilit\u00e9 de supprimer certaines informations vous concernant \u00e0 partir du service. Vous pouvez mettre \u00e0 jour, modifier ou supprimer vos<\/p>\n","protected":false},"author":1,"featured_media":0,"parent":0,"menu_order":0,"comment_status":"closed","ping_status":"closed","template":"","meta":{"_mi_skip_tracking":false,"footnotes":""},"class_list":["post-7957","page","type-page","status-publish","hentry"],"_links":{"self":[{"href":"https:\/\/www.xikka.net\/index.php\/wp-json\/wp\/v2\/pages\/7957","targetHints":{"allow":["GET"]}}],"collection":[{"href":"https:\/\/www.xikka.net\/index.php\/wp-json\/wp\/v2\/pages"}],"about":[{"href":"https:\/\/www.xikka.net\/index.php\/wp-json\/wp\/v2\/types\/page"}],"author":[{"embeddable":true,"href":"https:\/\/www.xikka.net\/index.php\/wp-json\/wp\/v2\/users\/1"}],"replies":[{"embeddable":true,"href":"https:\/\/www.xikka.net\/index.php\/wp-json\/wp\/v2\/comments?post=7957"}],"version-history":[{"count":4,"href":"https:\/\/www.xikka.net\/index.php\/wp-json\/wp\/v2\/pages\/7957\/revisions"}],"predecessor-version":[{"id":7966,"href":"https:\/\/www.xikka.net\/index.php\/wp-json\/wp\/v2\/pages\/7957\/revisions\/7966"}],"wp:attachment":[{"href":"https:\/\/www.xikka.net\/index.php\/wp-json\/wp\/v2\/media?parent=7957"}],"curies":[{"name":"wp","href":"https:\/\/api.w.org\/{rel}","templated":true}]}}